{"id":1162,"date":"2022-08-05T17:57:47","date_gmt":"2022-08-05T15:57:47","guid":{"rendered":"http:\/\/karinavoigt.dk\/?page_id=1162"},"modified":"2023-07-13T12:09:32","modified_gmt":"2023-07-13T10:09:32","slug":"opgavevejledning-for-id-studerende","status":"publish","type":"page","link":"https:\/\/karinavoigt.dk\/?page_id=1162","title":{"rendered":"| Opgavevejledning"},"content":{"rendered":"<p>[et_pb_section fb_built=&#8221;1&#8243; _builder_version=&#8221;4.16&#8243; _module_preset=&#8221;default&#8221; custom_padding=&#8221;||16px|||&#8221; global_colors_info=&#8221;{}&#8221;][et_pb_row column_structure=&#8221;1_2,1_2&#8243; _builder_version=&#8221;4.17.6&#8243; _module_preset=&#8221;default&#8221; custom_padding=&#8221;||4px|||&#8221; global_colors_info=&#8221;{}&#8221;][et_pb_column type=&#8221;1_2&#8243; _builder_version=&#8221;4.16&#8243; _module_preset=&#8221;default&#8221; global_colors_info=&#8221;{}&#8221;][et_pb_text _builder_version=&#8221;4.16&#8243; _module_preset=&#8221;default&#8221; custom_padding=&#8221;3px||||false|false&#8221; global_colors_info=&#8221;{}&#8221;]<\/p>\n<h2>Opgavevejledning &#8211; ID Studerende<\/h2>\n<p>Det er en meget personlig og ofte udfordrende proces som psykoterapeut-studerende at skulle skrive sin afsluttende certificeringsopgave.<\/p>\n<p>Hvad skal jeg skrive om? Hvordan g\u00e5r jeg fra min id\u00e9 til problemformulering? Hvor meget af min personlige udviklingshistorie skal med? Og hvordan strukturerer jeg overhovedet min opgave \u2013 og hvad med teorien?<\/p>\n<p>Der kan rejse sig mange sp\u00f8rgsm\u00e5l for en opgave hvor du skal tr\u00e6kke linjerne mellem kernebegreberne i ID, og den oprindelige videnskabelige, psyko-terapeutiske og psykologiske litteratur. Samtidig skal du ogs\u00e5 reflektere over din personlige udvikling, demonstrere din etik og selvansvarlighed, og at du forst\u00e5r og kan formidle det terapeutiske h\u00e5ndv\u00e6rk.<\/p>\n<p>Min erfaring er at det er meget individuelt hvad den enkelte \u00f8nsker af vejledning. Hvor nogle \u00f8nsker hj\u00e6lp til det at skrive en st\u00f8rre opgave for f\u00f8rste gang, \u00f8nsker andre specifik sparring til at perspektivere deres valgte emne, metodevalg eller hypotesedannelser, fra den udviklingspsykologiske teori til den eksistentielle og mere spirituelle forst\u00e5else af terapi og udvikling.<\/p>\n<p>Udgangspunktet er hvad du har brug for af st\u00f8tte i din proces s\u00e5 du kommer i m\u00e5l med en opgave, der viser din faglige, etiske og personlige ekspertise.<\/p>\n<p>Jeg har gennem mit daglige virke stor erfaring med at disponere og skrive st\u00f8rre opgaver, projektopl\u00e6g og rapporter, samt udarbejdelse af pr\u00e6sentationer, m.v. Derudover har jeg arbejdet som outplacement r\u00e5dgiver\u00a0 med udarbejdelse af CV&#8217;er og ans\u00f8gninger, samt undervisningsmateriale.<\/p>\n<p>[\/et_pb_text][\/et_pb_column][et_pb_column type=&#8221;1_2&#8243; _builder_version=&#8221;4.16&#8243; _module_preset=&#8221;default&#8221; global_colors_info=&#8221;{}&#8221;][et_pb_text _builder_version=&#8221;4.18.0&#8243; _module_preset=&#8221;default&#8221; background_color=&#8221;rgba(0,0,0,0)&#8221; min_height=&#8221;163.2px&#8221; custom_margin=&#8221;||0px|||&#8221; custom_padding=&#8221;0px|0px|0px|0px|false|false&#8221; border_radii=&#8221;off|4px|4px|4px|4px&#8221; border_color_all=&#8221;#384c34&#8243; locked=&#8221;off&#8221; inline_fonts=&#8221;Abhaya Libre&#8221; global_colors_info=&#8221;{}&#8221;]<\/p>\n<h2><strong style=\"color: #666666; font-size: large;\">F\u00e5 hj\u00e6lp til<\/strong><\/h2>\n<p><span style=\"font-family: 'Abhaya Libre'; font-weight: normal; font-size: x-large;\"><strong style=\"color: #666666;\"><\/strong><\/span><\/p>\n<p><span style=\"font-family: 'Abhaya Libre'; font-weight: normal; font-size: x-large;\"><strong style=\"color: #666666;\"><\/strong><\/span><\/p>\n<ul>\n<li style=\"list-style-type: none;\">\n<ul>\n<li style=\"list-style-type: none;\">\n<ul>\n<li>At g\u00e5 fra id\u00e9 til problemformulering<\/li>\n<li>Perspektivering af dit emne<\/li>\n<li>Valg af teori og litteratur<\/li>\n<li>Komposition og strukturering af din opgave<\/li>\n<li>At overholde de formelle krav til opgavens indhold<\/li>\n<li>Genneml\u00e6sning for sammenh\u00e6ng, begrebsforst\u00e5else og korrektur<\/li>\n<li>Praktisk ops\u00e6tning af opgavedokument, anslag, etc.<\/li>\n<li>Eksamensforberedelse<\/li>\n<\/ul>\n<\/li>\n<\/ul>\n<\/li>\n<\/ul>\n<p>[\/et_pb_text][et_pb_divider _builder_version=&#8221;4.16&#8243; _module_preset=&#8221;default&#8221; custom_margin=&#8221;||-4px|||&#8221; custom_padding=&#8221;||0px|||&#8221; global_colors_info=&#8221;{}&#8221;][\/et_pb_divider][et_pb_text _builder_version=&#8221;4.17.6&#8243; _module_preset=&#8221;default&#8221; custom_margin=&#8221;4px||||false|false&#8221; custom_padding=&#8221;0px|||||&#8221; border_color_all=&#8221;#384c34&#8243; locked=&#8221;off&#8221; global_colors_info=&#8221;{}&#8221;]<\/p>\n<h2><strong style=\"color: #666666; font-size: large;\">Praktisk<\/strong><\/h2>\n<p>Opgavevejledning afregnes som individuelle terapisessioner for studerende, se <a href=\"https:\/\/karinavoigt.dk\/?page_id=213\" title=\"Praktisk\"><span style=\"color: #008000;\">Praktisk<\/span><\/a>. <span style=\"font-size: 14px;\">Vejledningen kan bookes som enkelt sessioner efter behov, eller aftales som et fast forl\u00f8b for at st\u00f8tte fremdriften i din opgaveskrivning.\u00a0<\/span><\/p>\n<p>Du kan ogs\u00e5 booke b\u00e5de kortere og l\u00e6ngere sessioner, f.eks. hvis du er g\u00e5et i st\u00e5 og har brug for en hurtig online sparring, eller hvis du har brug for en l\u00e6ngere session til at f\u00e5 lavet en komposition.<\/p>\n<p>Genneml\u00e6sning af materiale afregnes efter tidsforbrug. For fremsendt materiale, som forberedelse til en session, skal du alt efter omfanget beregne 15-30 minutter. For hele opgaven skal du beregne ca. 2-3 timer.<\/p>\n<p>[\/et_pb_text][\/et_pb_column][\/et_pb_row][\/et_pb_section][et_pb_section fb_built=&#8221;1&#8243; fullwidth=&#8221;on&#8221; _builder_version=&#8221;4.16&#8243; _module_preset=&#8221;default&#8221; global_colors_info=&#8221;{}&#8221;][et_pb_fullwidth_image src=&#8221;https:\/\/karinavoigt.dk\/wp-content\/uploads\/2020\/08\/IMG_0542_modified2-scaled.jpg&#8221; alt=&#8221;Camino Frances&#8221; title_text=&#8221;IMG_0542_modified2&#8243; _builder_version=&#8221;4.16&#8243; _module_preset=&#8221;default&#8221; global_colors_info=&#8221;{}&#8221;][\/et_pb_fullwidth_image][\/et_pb_section][et_pb_section fb_built=&#8221;1&#8243; fullwidth=&#8221;on&#8221; _builder_version=&#8221;4.16&#8243; _module_preset=&#8221;default&#8221; custom_padding=&#8221;0px|||||&#8221; global_colors_info=&#8221;{}&#8221;][\/et_pb_section]<\/p>\n","protected":false},"excerpt":{"rendered":"<p>Opgavevejledning &#8211; ID Studerende Det er en meget personlig og ofte udfordrende proces som psykoterapeut-studerende at skulle skrive sin afsluttende certificeringsopgave. Hvad skal jeg skrive om? Hvordan g\u00e5r jeg fra min id\u00e9 til problemformulering? Hvor meget af min personlige udviklingshistorie skal med? Og hvordan strukturerer jeg overhovedet min opgave \u2013 og hvad med teorien? Der [&hellip;]<\/p>\n","protected":false},"author":1,"featured_media":0,"parent":0,"menu_order":0,"comment_status":"closed","ping_status":"closed","template":"","meta":{"_et_pb_use_builder":"on","_et_pb_old_content":"","_et_gb_content_width":"","footnotes":""},"class_list":["post-1162","page","type-page","status-publish","hentry"],"yoast_head":"<!-- This site is optimized with the Yoast SEO plugin v27.6 - https:\/\/yoast.com\/product\/yoast-seo-wordpress\/ -->\n<title>| Opgavevejledning &#8211;<\/title>\n<meta name=\"description\" content=\"Skal du til at skrive din certificeringsopgave som psykoterapeut? Jeg tilbyder opgavevejledning s\u00e5 du kan komme i m\u00e5l med din opgave.\" \/>\n<meta name=\"robots\" content=\"index, follow, max-snippet:-1, max-image-preview:large, max-video-preview:-1\" \/>\n<link rel=\"canonical\" href=\"https:\/\/karinavoigt.dk\/?page_id=1162\" \/>\n<meta property=\"og:locale\" content=\"da_DK\" \/>\n<meta property=\"og:type\" content=\"article\" \/>\n<meta property=\"og:title\" content=\"| Opgavevejledning &#8211;\" \/>\n<meta property=\"og:description\" content=\"Skal du til at skrive din certificeringsopgave som psykoterapeut? Jeg tilbyder opgavevejledning s\u00e5 du kan komme i m\u00e5l med din opgave.\" \/>\n<meta property=\"og:url\" content=\"https:\/\/karinavoigt.dk\/?page_id=1162\" \/>\n<meta property=\"og:site_name\" content=\"ID Psykoterapeut MPF Karina Voigt | \u00d8sterbro &amp; Lyngby\" \/>\n<meta property=\"article:publisher\" content=\"https:\/\/www.facebook.com\/Karina-Voigt-Psykoterapeut-2328987730698153\" \/>\n<meta property=\"article:modified_time\" content=\"2023-07-13T10:09:32+00:00\" \/>\n<meta name=\"twitter:card\" content=\"summary_large_image\" \/>\n<meta name=\"twitter:label1\" content=\"Estimeret l\u00e6setid\" \/>\n\t<meta name=\"twitter:data1\" content=\"3 minutter\" \/>\n<script type=\"application\/ld+json\" class=\"yoast-schema-graph\">{\"@context\":\"https:\\\/\\\/schema.org\",\"@graph\":[{\"@type\":\"WebPage\",\"@id\":\"https:\\\/\\\/karinavoigt.dk\\\/?page_id=1162\",\"url\":\"https:\\\/\\\/karinavoigt.dk\\\/?page_id=1162\",\"name\":\"| Opgavevejledning &#8211;\",\"isPartOf\":{\"@id\":\"https:\\\/\\\/karinavoigt.dk\\\/#website\"},\"datePublished\":\"2022-08-05T15:57:47+00:00\",\"dateModified\":\"2023-07-13T10:09:32+00:00\",\"description\":\"Skal du til at skrive din certificeringsopgave som psykoterapeut? Jeg tilbyder opgavevejledning s\u00e5 du kan komme i m\u00e5l med din opgave.\",\"breadcrumb\":{\"@id\":\"https:\\\/\\\/karinavoigt.dk\\\/?page_id=1162#breadcrumb\"},\"inLanguage\":\"da-DK\",\"potentialAction\":[{\"@type\":\"ReadAction\",\"target\":[\"https:\\\/\\\/karinavoigt.dk\\\/?page_id=1162\"]}]},{\"@type\":\"BreadcrumbList\",\"@id\":\"https:\\\/\\\/karinavoigt.dk\\\/?page_id=1162#breadcrumb\",\"itemListElement\":[{\"@type\":\"ListItem\",\"position\":1,\"name\":\"Hjem\",\"item\":\"https:\\\/\\\/karinavoigt.dk\\\/\"},{\"@type\":\"ListItem\",\"position\":2,\"name\":\"| Opgavevejledning\"}]},{\"@type\":\"WebSite\",\"@id\":\"https:\\\/\\\/karinavoigt.dk\\\/#website\",\"url\":\"https:\\\/\\\/karinavoigt.dk\\\/\",\"name\":\"ID Psykoterapeut MPF Karina Voigt | \u00d8sterbro &amp; Lyngby\",\"description\":\"ID Psykoterapeut MPF Karina Voigt | \u00d8sterbro &amp; Lyngby\",\"publisher\":{\"@id\":\"https:\\\/\\\/karinavoigt.dk\\\/#\\\/schema\\\/person\\\/df02473234730dfa3af9f7363512c433\"},\"potentialAction\":[{\"@type\":\"SearchAction\",\"target\":{\"@type\":\"EntryPoint\",\"urlTemplate\":\"https:\\\/\\\/karinavoigt.dk\\\/?s={search_term_string}\"},\"query-input\":{\"@type\":\"PropertyValueSpecification\",\"valueRequired\":true,\"valueName\":\"search_term_string\"}}],\"inLanguage\":\"da-DK\"},{\"@type\":[\"Person\",\"Organization\"],\"@id\":\"https:\\\/\\\/karinavoigt.dk\\\/#\\\/schema\\\/person\\\/df02473234730dfa3af9f7363512c433\",\"name\":\"Karina Voigt\",\"image\":{\"@type\":\"ImageObject\",\"inLanguage\":\"da-DK\",\"@id\":\"http:\\\/\\\/karinavoigt.dk\\\/wp-content\\\/uploads\\\/2020\\\/08\\\/Profil_farver-1.jpg\",\"url\":\"http:\\\/\\\/karinavoigt.dk\\\/wp-content\\\/uploads\\\/2020\\\/08\\\/Profil_farver-1.jpg\",\"contentUrl\":\"http:\\\/\\\/karinavoigt.dk\\\/wp-content\\\/uploads\\\/2020\\\/08\\\/Profil_farver-1.jpg\",\"width\":1500,\"height\":1500,\"caption\":\"Karina Voigt\"},\"logo\":{\"@id\":\"http:\\\/\\\/karinavoigt.dk\\\/wp-content\\\/uploads\\\/2020\\\/08\\\/Profil_farver-1.jpg\"},\"sameAs\":[\"http:\\\/\\\/karinavoigt.dk\",\"https:\\\/\\\/www.facebook.com\\\/Karina-Voigt-Psykoterapeut-2328987730698153\",\"www.linkedin.com\\\/in\\\/karinavoigt\"]}]}<\/script>\n<!-- \/ Yoast SEO plugin. -->","yoast_head_json":{"title":"| Opgavevejledning &#8211;","description":"Skal du til at skrive din certificeringsopgave som psykoterapeut? Jeg tilbyder opgavevejledning s\u00e5 du kan komme i m\u00e5l med din opgave.","robots":{"index":"index","follow":"follow","max-snippet":"max-snippet:-1","max-image-preview":"max-image-preview:large","max-video-preview":"max-video-preview:-1"},"canonical":"https:\/\/karinavoigt.dk\/?page_id=1162","og_locale":"da_DK","og_type":"article","og_title":"| Opgavevejledning &#8211;","og_description":"Skal du til at skrive din certificeringsopgave som psykoterapeut? Jeg tilbyder opgavevejledning s\u00e5 du kan komme i m\u00e5l med din opgave.","og_url":"https:\/\/karinavoigt.dk\/?page_id=1162","og_site_name":"ID Psykoterapeut MPF Karina Voigt | \u00d8sterbro &amp; Lyngby","article_publisher":"https:\/\/www.facebook.com\/Karina-Voigt-Psykoterapeut-2328987730698153","article_modified_time":"2023-07-13T10:09:32+00:00","twitter_card":"summary_large_image","twitter_misc":{"Estimeret l\u00e6setid":"3 minutter"},"schema":{"@context":"https:\/\/schema.org","@graph":[{"@type":"WebPage","@id":"https:\/\/karinavoigt.dk\/?page_id=1162","url":"https:\/\/karinavoigt.dk\/?page_id=1162","name":"| Opgavevejledning &#8211;","isPartOf":{"@id":"https:\/\/karinavoigt.dk\/#website"},"datePublished":"2022-08-05T15:57:47+00:00","dateModified":"2023-07-13T10:09:32+00:00","description":"Skal du til at skrive din certificeringsopgave som psykoterapeut? Jeg tilbyder opgavevejledning s\u00e5 du kan komme i m\u00e5l med din opgave.","breadcrumb":{"@id":"https:\/\/karinavoigt.dk\/?page_id=1162#breadcrumb"},"inLanguage":"da-DK","potentialAction":[{"@type":"ReadAction","target":["https:\/\/karinavoigt.dk\/?page_id=1162"]}]},{"@type":"BreadcrumbList","@id":"https:\/\/karinavoigt.dk\/?page_id=1162#breadcrumb","itemListElement":[{"@type":"ListItem","position":1,"name":"Hjem","item":"https:\/\/karinavoigt.dk\/"},{"@type":"ListItem","position":2,"name":"| Opgavevejledning"}]},{"@type":"WebSite","@id":"https:\/\/karinavoigt.dk\/#website","url":"https:\/\/karinavoigt.dk\/","name":"ID Psykoterapeut MPF Karina Voigt | \u00d8sterbro &amp; Lyngby","description":"ID Psykoterapeut MPF Karina Voigt | \u00d8sterbro &amp; Lyngby","publisher":{"@id":"https:\/\/karinavoigt.dk\/#\/schema\/person\/df02473234730dfa3af9f7363512c433"},"potentialAction":[{"@type":"SearchAction","target":{"@type":"EntryPoint","urlTemplate":"https:\/\/karinavoigt.dk\/?s={search_term_string}"},"query-input":{"@type":"PropertyValueSpecification","valueRequired":true,"valueName":"search_term_string"}}],"inLanguage":"da-DK"},{"@type":["Person","Organization"],"@id":"https:\/\/karinavoigt.dk\/#\/schema\/person\/df02473234730dfa3af9f7363512c433","name":"Karina Voigt","image":{"@type":"ImageObject","inLanguage":"da-DK","@id":"http:\/\/karinavoigt.dk\/wp-content\/uploads\/2020\/08\/Profil_farver-1.jpg","url":"http:\/\/karinavoigt.dk\/wp-content\/uploads\/2020\/08\/Profil_farver-1.jpg","contentUrl":"http:\/\/karinavoigt.dk\/wp-content\/uploads\/2020\/08\/Profil_farver-1.jpg","width":1500,"height":1500,"caption":"Karina Voigt"},"logo":{"@id":"http:\/\/karinavoigt.dk\/wp-content\/uploads\/2020\/08\/Profil_farver-1.jpg"},"sameAs":["http:\/\/karinavoigt.dk","https:\/\/www.facebook.com\/Karina-Voigt-Psykoterapeut-2328987730698153","www.linkedin.com\/in\/karinavoigt"]}]}},"_links":{"self":[{"href":"https:\/\/karinavoigt.dk\/index.php?rest_route=\/wp\/v2\/pages\/1162","targetHints":{"allow":["GET"]}}],"collection":[{"href":"https:\/\/karinavoigt.dk\/index.php?rest_route=\/wp\/v2\/pages"}],"about":[{"href":"https:\/\/karinavoigt.dk\/index.php?rest_route=\/wp\/v2\/types\/page"}],"author":[{"embeddable":true,"href":"https:\/\/karinavoigt.dk\/index.php?rest_route=\/wp\/v2\/users\/1"}],"replies":[{"embeddable":true,"href":"https:\/\/karinavoigt.dk\/index.php?rest_route=%2Fwp%2Fv2%2Fcomments&post=1162"}],"version-history":[{"count":38,"href":"https:\/\/karinavoigt.dk\/index.php?rest_route=\/wp\/v2\/pages\/1162\/revisions"}],"predecessor-version":[{"id":1313,"href":"https:\/\/karinavoigt.dk\/index.php?rest_route=\/wp\/v2\/pages\/1162\/revisions\/1313"}],"wp:attachment":[{"href":"https:\/\/karinavoigt.dk\/index.php?rest_route=%2Fwp%2Fv2%2Fmedia&parent=1162"}],"curies":[{"name":"wp","href":"https:\/\/api.w.org\/{rel}","templated":true}]}}