{"id":126,"date":"2020-08-03T18:58:47","date_gmt":"2020-08-03T18:58:47","guid":{"rendered":"http:\/\/karinavoigt.dk\/?page_id=126"},"modified":"2023-07-13T11:36:31","modified_gmt":"2023-07-13T09:36:31","slug":"home","status":"publish","type":"page","link":"https:\/\/karinavoigt.dk\/","title":{"rendered":"Forside"},"content":{"rendered":"<p>[et_pb_section fb_built=&#8221;1&#8243; _builder_version=&#8221;4.16&#8243; _module_preset=&#8221;default&#8221; min_height=&#8221;342px&#8221; custom_margin=&#8221;||2px||false|false&#8221; custom_padding=&#8221;0px||0px||false|false&#8221; global_colors_info=&#8221;{}&#8221;][et_pb_row column_structure=&#8221;3_5,2_5&#8243; _builder_version=&#8221;4.16&#8243; _module_preset=&#8221;default&#8221; min_height=&#8221;369px&#8221; custom_margin=&#8221;|auto|1px|auto||&#8221; custom_padding=&#8221;|0px|0px|13px|false|false&#8221; global_colors_info=&#8221;{}&#8221;][et_pb_column type=&#8221;3_5&#8243; _builder_version=&#8221;4.16&#8243; _module_preset=&#8221;default&#8221; global_colors_info=&#8221;{}&#8221;][et_pb_text _builder_version=&#8221;4.16&#8243; _module_preset=&#8221;default&#8221; width=&#8221;97.3%&#8221; custom_margin=&#8221;0px||37px||false|false&#8221; custom_padding=&#8221;43px|26px||4px|false|false&#8221; inline_fonts=&#8221;Chelsea Market&#8221; global_colors_info=&#8221;{}&#8221;]<\/p>\n<h1><span style=\"font-family: inherit; font-weight: normal;\">Psykoterapi &#8211; \u00d8sterbro<\/span><\/h1>\n<p style=\"text-align: left;\">Terapi er for alle \u2013 om du st\u00e5r med et akut problem, f\u00f8ler du er g\u00e5et i st\u00e5, oplever problemer i dine relationer, eller blot er nysgerrig p\u00e5 dig selv.<\/p>\n<p style=\"text-align: left;\">Der kan v\u00e6re mange forskellige grunde til at g\u00e5 i terapi. De fleste kommer fordi der er noget der g\u00e5r dem p\u00e5 og forringer deres livskvalitet. Eller det kan v\u00e6re en krise eller en traumatisk oplevelse, hvor du har brug for hj\u00e6lp til at komme videre.<\/p>\n<p style=\"text-align: left;\">F\u00e6lles er dog behovet for at udvikle sig selv personligt eller professionelt, og som terapeut kan jeg hj\u00e6lpe dig med at finde nye veje til at h\u00e5ndtere din problemstilling p\u00e5 en mere hensigtsm\u00e6ssig m\u00e5de.<\/p>\n<p style=\"text-align: left;\">Jeg tilbyder terapi og coaching p\u00e5 dansk og engelsk (<span style=\"color: #008000;\"><a style=\"color: #008000;\" href=\"https:\/\/karinavoigt.dk\/?page_id=845\">in English<\/a><\/span>).<\/p>\n<p>[\/et_pb_text][et_pb_button button_url=&#8221;https:\/\/karinavoigt.dk\/?page_id=484&#8243; button_text=&#8221;L\u00e6s mere&#8221; _builder_version=&#8221;4.16&#8243; _module_preset=&#8221;default&#8221; custom_margin=&#8221;-24px||-7px||false|false&#8221; custom_padding=&#8221;3px||||false|false&#8221; global_colors_info=&#8221;{}&#8221;][\/et_pb_button][\/et_pb_column][et_pb_column type=&#8221;2_5&#8243; _builder_version=&#8221;4.16&#8243; _module_preset=&#8221;default&#8221; custom_padding=&#8221;|0px|0px|0px|false|true&#8221; border_style_all=&#8221;none&#8221; global_colors_info=&#8221;{}&#8221;][et_pb_image src=&#8221;https:\/\/karinavoigt.dk\/wp-content\/uploads\/2020\/08\/Profil_farver-1.jpg&#8221; alt=&#8221;Profilbillede&#8221; title_text=&#8221;Profil_farver&#8221; _builder_version=&#8221;4.16&#8243; _module_preset=&#8221;default&#8221; width=&#8221;100%&#8221; custom_margin=&#8221;|0px|14px|-26px|false|false&#8221; custom_padding=&#8221;10px|0px|2px|7px|false|false&#8221; global_colors_info=&#8221;{}&#8221;][\/et_pb_image][\/et_pb_column][\/et_pb_row][\/et_pb_section][et_pb_section fb_built=&#8221;1&#8243; fullwidth=&#8221;on&#8221; disabled_on=&#8221;on|off|off&#8221; _builder_version=&#8221;4.16&#8243; _module_preset=&#8221;default&#8221; custom_margin=&#8221;1px|||||&#8221; global_colors_info=&#8221;{}&#8221;][et_pb_fullwidth_image src=&#8221;https:\/\/karinavoigt.dk\/wp-content\/uploads\/2020\/08\/IMG_0542_modified2-scaled.jpg&#8221; alt=&#8221;Camino Frances&#8221; title_text=&#8221;IMG_0542_modified2&#8243; _builder_version=&#8221;4.16&#8243; _module_preset=&#8221;default&#8221; min_height=&#8221;311.9px&#8221; global_colors_info=&#8221;{}&#8221;][\/et_pb_fullwidth_image][\/et_pb_section]<\/p>\n","protected":false},"excerpt":{"rendered":"<p>Psykoterapi &#8211; \u00d8sterbro Terapi er for alle \u2013 om du st\u00e5r med et akut problem, f\u00f8ler du er g\u00e5et i st\u00e5, oplever problemer i dine relationer, eller blot er nysgerrig p\u00e5 dig selv. Der kan v\u00e6re mange forskellige grunde til at g\u00e5 i terapi. De fleste kommer fordi der er noget der g\u00e5r dem p\u00e5 [&hellip;]<\/p>\n","protected":false},"author":1,"featured_media":0,"parent":0,"menu_order":0,"comment_status":"closed","ping_status":"closed","template":"","meta":{"_et_pb_use_builder":"on","_et_pb_old_content":"","_et_gb_content_width":"","footnotes":""},"class_list":["post-126","page","type-page","status-publish","hentry"],"yoast_head":"<!-- This site is optimized with the Yoast SEO plugin v27.5 - https:\/\/yoast.com\/product\/yoast-seo-wordpress\/ -->\n<title>ID Psykoterapeut MPF &#8211; Karina Voigt<\/title>\n<meta name=\"description\" content=\"Psykoterapeut med erfaring i personlige og arbejdsrelaterede relationer, stress og indre uro. Lynby og \u00d8sterbro.\" \/>\n<meta name=\"robots\" content=\"index, follow, max-snippet:-1, max-image-preview:large, max-video-preview:-1\" \/>\n<link rel=\"canonical\" href=\"https:\/\/karinavoigt.dk\/\" \/>\n<meta property=\"og:locale\" content=\"da_DK\" \/>\n<meta property=\"og:type\" content=\"article\" \/>\n<meta property=\"og:title\" content=\"ID Psykoterapeut MPF &#8211; Karina Voigt\" \/>\n<meta property=\"og:description\" content=\"Psykoterapeut med erfaring i personlige og arbejdsrelaterede relationer, stress og indre uro. Lynby og \u00d8sterbro.\" \/>\n<meta property=\"og:url\" content=\"https:\/\/karinavoigt.dk\/\" \/>\n<meta property=\"og:site_name\" content=\"ID Psykoterapeut MPF Karina Voigt | \u00d8sterbro &amp; Lyngby\" \/>\n<meta property=\"article:publisher\" content=\"https:\/\/www.facebook.com\/Karina-Voigt-Psykoterapeut-2328987730698153\" \/>\n<meta property=\"article:modified_time\" content=\"2023-07-13T09:36:31+00:00\" \/>\n<meta property=\"og:image\" content=\"https:\/\/karinavoigt.dk\/wp-content\/uploads\/2020\/08\/Profil_farver-1.jpg\" \/>\n\t<meta property=\"og:image:width\" content=\"1500\" \/>\n\t<meta property=\"og:image:height\" content=\"1500\" \/>\n\t<meta property=\"og:image:type\" content=\"image\/jpeg\" \/>\n<meta name=\"twitter:card\" content=\"summary_large_image\" \/>\n<meta name=\"twitter:label1\" content=\"Estimeret l\u00e6setid\" \/>\n\t<meta name=\"twitter:data1\" content=\"2 minutter\" \/>\n<script type=\"application\/ld+json\" class=\"yoast-schema-graph\">{\"@context\":\"https:\\\/\\\/schema.org\",\"@graph\":[{\"@type\":\"WebPage\",\"@id\":\"https:\\\/\\\/karinavoigt.dk\\\/\",\"url\":\"https:\\\/\\\/karinavoigt.dk\\\/\",\"name\":\"ID Psykoterapeut MPF &#8211; Karina Voigt\",\"isPartOf\":{\"@id\":\"https:\\\/\\\/karinavoigt.dk\\\/#website\"},\"datePublished\":\"2020-08-03T18:58:47+00:00\",\"dateModified\":\"2023-07-13T09:36:31+00:00\",\"description\":\"Psykoterapeut med erfaring i personlige og arbejdsrelaterede relationer, stress og indre uro. Lynby og \u00d8sterbro.\",\"breadcrumb\":{\"@id\":\"https:\\\/\\\/karinavoigt.dk\\\/#breadcrumb\"},\"inLanguage\":\"da-DK\",\"potentialAction\":[{\"@type\":\"ReadAction\",\"target\":[\"https:\\\/\\\/karinavoigt.dk\\\/\"]}]},{\"@type\":\"BreadcrumbList\",\"@id\":\"https:\\\/\\\/karinavoigt.dk\\\/#breadcrumb\",\"itemListElement\":[{\"@type\":\"ListItem\",\"position\":1,\"name\":\"Hjem\",\"item\":\"https:\\\/\\\/karinavoigt.dk\\\/\"},{\"@type\":\"ListItem\",\"position\":2,\"name\":\"Forside\"}]},{\"@type\":\"WebSite\",\"@id\":\"https:\\\/\\\/karinavoigt.dk\\\/#website\",\"url\":\"https:\\\/\\\/karinavoigt.dk\\\/\",\"name\":\"ID Psykoterapeut MPF Karina Voigt | \u00d8sterbro &amp; Lyngby\",\"description\":\"ID Psykoterapeut MPF Karina Voigt | \u00d8sterbro &amp; Lyngby\",\"publisher\":{\"@id\":\"https:\\\/\\\/karinavoigt.dk\\\/#\\\/schema\\\/person\\\/df02473234730dfa3af9f7363512c433\"},\"potentialAction\":[{\"@type\":\"SearchAction\",\"target\":{\"@type\":\"EntryPoint\",\"urlTemplate\":\"https:\\\/\\\/karinavoigt.dk\\\/?s={search_term_string}\"},\"query-input\":{\"@type\":\"PropertyValueSpecification\",\"valueRequired\":true,\"valueName\":\"search_term_string\"}}],\"inLanguage\":\"da-DK\"},{\"@type\":[\"Person\",\"Organization\"],\"@id\":\"https:\\\/\\\/karinavoigt.dk\\\/#\\\/schema\\\/person\\\/df02473234730dfa3af9f7363512c433\",\"name\":\"Karina Voigt\",\"image\":{\"@type\":\"ImageObject\",\"inLanguage\":\"da-DK\",\"@id\":\"http:\\\/\\\/karinavoigt.dk\\\/wp-content\\\/uploads\\\/2020\\\/08\\\/Profil_farver-1.jpg\",\"url\":\"http:\\\/\\\/karinavoigt.dk\\\/wp-content\\\/uploads\\\/2020\\\/08\\\/Profil_farver-1.jpg\",\"contentUrl\":\"http:\\\/\\\/karinavoigt.dk\\\/wp-content\\\/uploads\\\/2020\\\/08\\\/Profil_farver-1.jpg\",\"width\":1500,\"height\":1500,\"caption\":\"Karina Voigt\"},\"logo\":{\"@id\":\"http:\\\/\\\/karinavoigt.dk\\\/wp-content\\\/uploads\\\/2020\\\/08\\\/Profil_farver-1.jpg\"},\"sameAs\":[\"http:\\\/\\\/karinavoigt.dk\",\"https:\\\/\\\/www.facebook.com\\\/Karina-Voigt-Psykoterapeut-2328987730698153\",\"www.linkedin.com\\\/in\\\/karinavoigt\"]}]}<\/script>\n<!-- \/ Yoast SEO plugin. -->","yoast_head_json":{"title":"ID Psykoterapeut MPF &#8211; Karina Voigt","description":"Psykoterapeut med erfaring i personlige og arbejdsrelaterede relationer, stress og indre uro. Lynby og \u00d8sterbro.","robots":{"index":"index","follow":"follow","max-snippet":"max-snippet:-1","max-image-preview":"max-image-preview:large","max-video-preview":"max-video-preview:-1"},"canonical":"https:\/\/karinavoigt.dk\/","og_locale":"da_DK","og_type":"article","og_title":"ID Psykoterapeut MPF &#8211; Karina Voigt","og_description":"Psykoterapeut med erfaring i personlige og arbejdsrelaterede relationer, stress og indre uro. Lynby og \u00d8sterbro.","og_url":"https:\/\/karinavoigt.dk\/","og_site_name":"ID Psykoterapeut MPF Karina Voigt | \u00d8sterbro &amp; Lyngby","article_publisher":"https:\/\/www.facebook.com\/Karina-Voigt-Psykoterapeut-2328987730698153","article_modified_time":"2023-07-13T09:36:31+00:00","og_image":[{"width":1500,"height":1500,"url":"https:\/\/karinavoigt.dk\/wp-content\/uploads\/2020\/08\/Profil_farver-1.jpg","type":"image\/jpeg"}],"twitter_card":"summary_large_image","twitter_misc":{"Estimeret l\u00e6setid":"2 minutter"},"schema":{"@context":"https:\/\/schema.org","@graph":[{"@type":"WebPage","@id":"https:\/\/karinavoigt.dk\/","url":"https:\/\/karinavoigt.dk\/","name":"ID Psykoterapeut MPF &#8211; Karina Voigt","isPartOf":{"@id":"https:\/\/karinavoigt.dk\/#website"},"datePublished":"2020-08-03T18:58:47+00:00","dateModified":"2023-07-13T09:36:31+00:00","description":"Psykoterapeut med erfaring i personlige og arbejdsrelaterede relationer, stress og indre uro. Lynby og \u00d8sterbro.","breadcrumb":{"@id":"https:\/\/karinavoigt.dk\/#breadcrumb"},"inLanguage":"da-DK","potentialAction":[{"@type":"ReadAction","target":["https:\/\/karinavoigt.dk\/"]}]},{"@type":"BreadcrumbList","@id":"https:\/\/karinavoigt.dk\/#breadcrumb","itemListElement":[{"@type":"ListItem","position":1,"name":"Hjem","item":"https:\/\/karinavoigt.dk\/"},{"@type":"ListItem","position":2,"name":"Forside"}]},{"@type":"WebSite","@id":"https:\/\/karinavoigt.dk\/#website","url":"https:\/\/karinavoigt.dk\/","name":"ID Psykoterapeut MPF Karina Voigt | \u00d8sterbro &amp; Lyngby","description":"ID Psykoterapeut MPF Karina Voigt | \u00d8sterbro &amp; Lyngby","publisher":{"@id":"https:\/\/karinavoigt.dk\/#\/schema\/person\/df02473234730dfa3af9f7363512c433"},"potentialAction":[{"@type":"SearchAction","target":{"@type":"EntryPoint","urlTemplate":"https:\/\/karinavoigt.dk\/?s={search_term_string}"},"query-input":{"@type":"PropertyValueSpecification","valueRequired":true,"valueName":"search_term_string"}}],"inLanguage":"da-DK"},{"@type":["Person","Organization"],"@id":"https:\/\/karinavoigt.dk\/#\/schema\/person\/df02473234730dfa3af9f7363512c433","name":"Karina Voigt","image":{"@type":"ImageObject","inLanguage":"da-DK","@id":"http:\/\/karinavoigt.dk\/wp-content\/uploads\/2020\/08\/Profil_farver-1.jpg","url":"http:\/\/karinavoigt.dk\/wp-content\/uploads\/2020\/08\/Profil_farver-1.jpg","contentUrl":"http:\/\/karinavoigt.dk\/wp-content\/uploads\/2020\/08\/Profil_farver-1.jpg","width":1500,"height":1500,"caption":"Karina Voigt"},"logo":{"@id":"http:\/\/karinavoigt.dk\/wp-content\/uploads\/2020\/08\/Profil_farver-1.jpg"},"sameAs":["http:\/\/karinavoigt.dk","https:\/\/www.facebook.com\/Karina-Voigt-Psykoterapeut-2328987730698153","www.linkedin.com\/in\/karinavoigt"]}]}},"_links":{"self":[{"href":"https:\/\/karinavoigt.dk\/index.php?rest_route=\/wp\/v2\/pages\/126","targetHints":{"allow":["GET"]}}],"collection":[{"href":"https:\/\/karinavoigt.dk\/index.php?rest_route=\/wp\/v2\/pages"}],"about":[{"href":"https:\/\/karinavoigt.dk\/index.php?rest_route=\/wp\/v2\/types\/page"}],"author":[{"embeddable":true,"href":"https:\/\/karinavoigt.dk\/index.php?rest_route=\/wp\/v2\/users\/1"}],"replies":[{"embeddable":true,"href":"https:\/\/karinavoigt.dk\/index.php?rest_route=%2Fwp%2Fv2%2Fcomments&post=126"}],"version-history":[{"count":85,"href":"https:\/\/karinavoigt.dk\/index.php?rest_route=\/wp\/v2\/pages\/126\/revisions"}],"predecessor-version":[{"id":1306,"href":"https:\/\/karinavoigt.dk\/index.php?rest_route=\/wp\/v2\/pages\/126\/revisions\/1306"}],"wp:attachment":[{"href":"https:\/\/karinavoigt.dk\/index.php?rest_route=%2Fwp%2Fv2%2Fmedia&parent=126"}],"curies":[{"name":"wp","href":"https:\/\/api.w.org\/{rel}","templated":true}]}}