{"id":142,"date":"2020-08-03T19:42:57","date_gmt":"2020-08-03T19:42:57","guid":{"rendered":"http:\/\/karinavoigt.dk\/?page_id=142"},"modified":"2023-07-13T11:57:21","modified_gmt":"2023-07-13T09:57:21","slug":"kontakt","status":"publish","type":"page","link":"https:\/\/karinavoigt.dk\/?page_id=142","title":{"rendered":"Om\/Kontakt"},"content":{"rendered":"<p>[et_pb_section fb_built=&#8221;1&#8243; _builder_version=&#8221;4.21.0&#8243; _module_preset=&#8221;default&#8221; custom_padding=&#8221;||12px|||&#8221; hover_enabled=&#8221;0&#8243; global_colors_info=&#8221;{}&#8221; sticky_enabled=&#8221;0&#8243;][et_pb_row column_structure=&#8221;1_2,1_2&#8243; _builder_version=&#8221;4.16&#8243; _module_preset=&#8221;default&#8221; custom_padding=&#8221;||0px|||&#8221; global_colors_info=&#8221;{}&#8221;][et_pb_column type=&#8221;1_2&#8243; _builder_version=&#8221;4.16&#8243; _module_preset=&#8221;default&#8221; global_colors_info=&#8221;{}&#8221;][et_pb_text _builder_version=&#8221;4.21.0&#8243; _module_preset=&#8221;default&#8221; custom_margin=&#8221;||7px|||&#8221; custom_padding=&#8221;||12px|17px||&#8221; global_colors_info=&#8221;{}&#8221;]<\/p>\n<h2>Om mig<\/h2>\n<p style=\"text-align: left;\"><span style=\"font-size: 14px;\">Jeg er f\u00f8dt i 1973 arbejder til daglig i K\u00f8benhavn i en st\u00f8rre international virksomhed, samt som psykoterapeut, coach og konsulent.<\/span><\/p>\n<p style=\"text-align: left;\"><span style=\"font-size: 14px;\">I mit arbejde bruger jeg min baggrund fra en lang karriere som mellemleder og projektleder hos bl.a. M\u00e6rsk, hvor jeg blandt andet har arbejdet med onboarding og tr\u00e6ning af teams internationalt. For at styrke mine egne kompetencer har jeg videreuddannet mig til team\/ledelse- og stresscoach og psykoterapeut.<\/span><\/p>\n<p style=\"text-align: left;\"><span style=\"font-size: 14px;\">Jeg er optaget af at du som klient opn\u00e5r resultater, som fungerer i alle aspekter af dit liv, om det er i dine personlige eller arbejdsm\u00e6ssige relationer. Det er min opgave at bevare fokus p\u00e5 den problemstilling du kommer med, og hj\u00e6lpe dig til at hj\u00e6lpe dig selv. Jeg har is\u00e6r erfaring indenfor relationelle problemer, stress, indre uro, angst, eksistentielle temaer og kriser, og manglende tilstedev\u00e6relse i eget liv.<\/span><\/p>\n<p style=\"text-align: left;\">Som terapeut er jeg underlagt tavshedspligt, og f\u00f8lger som medlem af\u00a0 <a href=\"https:\/\/psykoterapeutforeningen.dk\/\" target=\"_blank\" rel=\"noopener\" title=\"Dansk Psykoterapeutforening\">Dansk Psykoterapeutforening<\/a> (MPF) det etiske regels\u00e6t. Jeg modtager\u00a0 l\u00f8bende supervision hos:<\/p>\n<ul style=\"text-align: justify;\">\n<li style=\"text-align: left;\"><span style=\"font-size: 14px;\"><a href=\"http:\/\/mpa10.dk\/\" target=\"_blank\" rel=\"noopener\" title=\"Brian R\u00f8nnow\">Brian R\u00f8nnow<\/a>, psykoterapeut, supervisor<\/span><\/li>\n<li><a href=\"https:\/\/www.pernillejackson.dk\/\">Pernille Jackson<\/a>, psykoterapeut, organisations- og ledelseskonsulent<\/li>\n<\/ul>\n<p><span style=\"font-size: 14px;\"><\/span><\/p>\n<p>[\/et_pb_text][et_pb_text _builder_version=&#8221;4.18.1&#8243; _module_preset=&#8221;default&#8221; text_line_height=&#8221;1.9em&#8221; min_height=&#8221;237px&#8221; custom_margin=&#8221;||-5px||false|false&#8221; custom_padding=&#8221;||0px|17px|false|false&#8221; locked=&#8221;off&#8221; global_colors_info=&#8221;{}&#8221;]<\/p>\n<p><span style=\"font-size: large;\"><strong>Kvalifikationer<\/strong><\/span><span style=\"font-size: 14px;\"><\/span><\/p>\n<p>2022: Certificeret Transition\/Stress Coach og Kriser\u00e5dgiver; <a href=\"https:\/\/as3.dk\/\" target=\"_blank\" rel=\"noopener\" title=\"AS3\">AS3 Transition<\/a><br \/>2022: Certificeret Outplacement R\u00e5dgiver; <a href=\"https:\/\/as3.dk\/\" target=\"_blank\" rel=\"noopener\" title=\"AS3\">AS3 Transition<\/a><br \/>2020: Certificeret Psykoterapeut MPF; <a href=\"https:\/\/idacademy.dk\/\" target=\"_blank\" rel=\"noopener\" title=\"ID Academy\">ID Academy<\/a><span style=\"margin-left: 6em;\"><br \/>2017: Master Stress &amp; Team Coach; <a href=\"https:\/\/idacademy.dk\/\" target=\"_blank\" rel=\"noopener\" title=\"ID Academy\">ID Academy<\/a><span style=\"margin-left: 6em;\"><span style=\"margin-left: 6em;\"><br \/>2016: Certificeret Lifecoach; <a href=\"https:\/\/idacademy.dk\/\" target=\"_blank\" rel=\"noopener\" title=\"ID Academy\">ID Academy<\/a><\/span><\/span><\/span><\/p>\n<p style=\"text-align: left;\"><span style=\"font-size: 14px;\">Derudover er jeg l\u00e6rerassistent p\u00e5 psykoterapeutuddannelsen, ID Academy. <\/span>For yderligere information om min baggrund er du velkommen til at bes\u00f8ge min LinkedIn profil (p\u00e5 engelsk) <span style=\"color: #008000;\"><a href=\"http:\/\/www.linkedin.com\/in\/karinavoigt\" target=\"_blank\" rel=\"noopener noreferrer\" style=\"color: #008000;\">www.linkedin.com\/in\/karinavoigt<\/a><\/span>.<\/p>\n<p><span><\/span><\/p>\n<p>[\/et_pb_text][et_pb_image src=&#8221;https:\/\/karinavoigt.dk\/wp-content\/uploads\/2022\/01\/2019-dpf-organisationsmedlem-logolang-web-600&#215;208-1.jpg&#8221; title_text=&#8221;2019-dpf-organisationsmedlem-logolang-web-600&#215;208&#8243; url=&#8221;http:\/\/www.dpfo.dk&#8221; url_new_window=&#8221;on&#8221; _builder_version=&#8221;4.18.1&#8243; _module_preset=&#8221;default&#8221; width=&#8221;53%&#8221; max_width=&#8221;87%&#8221; custom_margin=&#8221;||0px|14px|false|false&#8221; custom_padding=&#8221;||18px|||&#8221; global_colors_info=&#8221;{}&#8221;][\/et_pb_image][\/et_pb_column][et_pb_column type=&#8221;1_2&#8243; _builder_version=&#8221;4.16&#8243; _module_preset=&#8221;default&#8221; global_colors_info=&#8221;{}&#8221;][et_pb_image src=&#8221;https:\/\/karinavoigt.dk\/wp-content\/uploads\/2020\/08\/Profil_farver-1.jpg&#8221; alt=&#8221;Profilbillede&#8221; title_text=&#8221;Profil_farver&#8221; src_tablet=&#8221;&#8221; src_phone=&#8221;&#8221; src_last_edited=&#8221;on|phone&#8221; _builder_version=&#8221;4.21.0&#8243; _module_preset=&#8221;default&#8221; custom_margin=&#8221;||42px|||&#8221; custom_padding=&#8221;0px|88px|0px|88px||&#8221; hover_enabled=&#8221;0&#8243; global_colors_info=&#8221;{}&#8221; sticky_enabled=&#8221;0&#8243;][\/et_pb_image][et_pb_text _builder_version=&#8221;4.16&#8243; _module_preset=&#8221;default&#8221; background_color=&#8221;rgba(0,0,0,0)&#8221; custom_margin=&#8221;-19px||||false|false&#8221; custom_padding=&#8221;5px|8px|5px|8px|false|false&#8221; border_radii=&#8221;on|4px|4px|4px|4px&#8221; border_color_all=&#8221;#384c34&#8243; global_colors_info=&#8221;{}&#8221;]<\/p>\n<h2><span style=\"font-size: large;\"><strong>Kontakt mig<\/strong><\/span><\/h2>\n<p style=\"text-align: left;\">Du er altid velkommen til at kontakte mig p\u00e5 telefon, sms eller mail, eller bruge nedenst\u00e5ende formular, for en uforpligtende samtale.\u00a0<\/p>\n<p style=\"text-align: left;\">Telefonen er \u00e5ben alle hverdage mellem 8 og 17. L\u00e6g gerne en besked hvis jeg ikke har mulighed for at besvare dit opkald, s\u00e5 vender jeg tilbage s\u00e5 hurtigt som muligt.<\/p>\n<p><span style=\"font-size: medium;\"><strong>Karina Voigt<\/strong> |\u00a061 55 50 33 | karina.voigt@kvoconsult.dk<\/span><\/p>\n<p>[\/et_pb_text][et_pb_divider _builder_version=&#8221;4.16&#8243; _module_preset=&#8221;default&#8221; custom_margin=&#8221;||19px|||&#8221; global_colors_info=&#8221;{}&#8221;][\/et_pb_divider][et_pb_contact_form email=&#8221;karina.voigt@kvoconsult.dk&#8221; success_message=&#8221;Tak for din besked, jeg vender retur hurtigst muligt.&#8221; submit_button_text=&#8221;Send&#8221; _builder_version=&#8221;4.16&#8243; _module_preset=&#8221;default&#8221; _unique_id=&#8221;454c565c-3225-4dec-bab0-4c04c3bde3b0&#8243; global_colors_info=&#8221;{}&#8221;][et_pb_contact_field field_id=&#8221;Name&#8221; field_title=&#8221;Navn&#8221; _builder_version=&#8221;4.16&#8243; global_colors_info=&#8221;{}&#8221; button_text_size__hover_enabled=&#8221;off&#8221; button_one_text_size__hover_enabled=&#8221;off&#8221; button_two_text_size__hover_enabled=&#8221;off&#8221; button_text_color__hover_enabled=&#8221;off&#8221; button_one_text_color__hover_enabled=&#8221;off&#8221; button_two_text_color__hover_enabled=&#8221;off&#8221; button_border_width__hover_enabled=&#8221;off&#8221; button_one_border_width__hover_enabled=&#8221;off&#8221; button_two_border_width__hover_enabled=&#8221;off&#8221; button_border_color__hover_enabled=&#8221;off&#8221; button_one_border_color__hover_enabled=&#8221;off&#8221; button_two_border_color__hover_enabled=&#8221;off&#8221; button_border_radius__hover_enabled=&#8221;off&#8221; button_one_border_radius__hover_enabled=&#8221;off&#8221; button_two_border_radius__hover_enabled=&#8221;off&#8221; button_letter_spacing__hover_enabled=&#8221;off&#8221; button_one_letter_spacing__hover_enabled=&#8221;off&#8221; button_two_letter_spacing__hover_enabled=&#8221;off&#8221; button_bg_color__hover_enabled=&#8221;off&#8221; button_one_bg_color__hover_enabled=&#8221;off&#8221; button_two_bg_color__hover_enabled=&#8221;off&#8221;][\/et_pb_contact_field][et_pb_contact_field field_id=&#8221;Email&#8221; field_title=&#8221;Email&#8221; field_type=&#8221;email&#8221; _builder_version=&#8221;4.16&#8243; global_colors_info=&#8221;{}&#8221; button_text_size__hover_enabled=&#8221;off&#8221; button_one_text_size__hover_enabled=&#8221;off&#8221; button_two_text_size__hover_enabled=&#8221;off&#8221; button_text_color__hover_enabled=&#8221;off&#8221; button_one_text_color__hover_enabled=&#8221;off&#8221; button_two_text_color__hover_enabled=&#8221;off&#8221; button_border_width__hover_enabled=&#8221;off&#8221; button_one_border_width__hover_enabled=&#8221;off&#8221; button_two_border_width__hover_enabled=&#8221;off&#8221; button_border_color__hover_enabled=&#8221;off&#8221; button_one_border_color__hover_enabled=&#8221;off&#8221; button_two_border_color__hover_enabled=&#8221;off&#8221; button_border_radius__hover_enabled=&#8221;off&#8221; button_one_border_radius__hover_enabled=&#8221;off&#8221; button_two_border_radius__hover_enabled=&#8221;off&#8221; button_letter_spacing__hover_enabled=&#8221;off&#8221; button_one_letter_spacing__hover_enabled=&#8221;off&#8221; button_two_letter_spacing__hover_enabled=&#8221;off&#8221; button_bg_color__hover_enabled=&#8221;off&#8221; button_one_bg_color__hover_enabled=&#8221;off&#8221; button_two_bg_color__hover_enabled=&#8221;off&#8221;][\/et_pb_contact_field][et_pb_contact_field field_id=&#8221;Message&#8221; field_title=&#8221;Besked&#8221; field_type=&#8221;text&#8221; fullwidth_field=&#8221;on&#8221; _builder_version=&#8221;4.16&#8243; global_colors_info=&#8221;{}&#8221; button_text_size__hover_enabled=&#8221;off&#8221; button_one_text_size__hover_enabled=&#8221;off&#8221; button_two_text_size__hover_enabled=&#8221;off&#8221; button_text_color__hover_enabled=&#8221;off&#8221; button_one_text_color__hover_enabled=&#8221;off&#8221; button_two_text_color__hover_enabled=&#8221;off&#8221; button_border_width__hover_enabled=&#8221;off&#8221; button_one_border_width__hover_enabled=&#8221;off&#8221; button_two_border_width__hover_enabled=&#8221;off&#8221; button_border_color__hover_enabled=&#8221;off&#8221; button_one_border_color__hover_enabled=&#8221;off&#8221; button_two_border_color__hover_enabled=&#8221;off&#8221; button_border_radius__hover_enabled=&#8221;off&#8221; button_one_border_radius__hover_enabled=&#8221;off&#8221; button_two_border_radius__hover_enabled=&#8221;off&#8221; button_letter_spacing__hover_enabled=&#8221;off&#8221; button_one_letter_spacing__hover_enabled=&#8221;off&#8221; button_two_letter_spacing__hover_enabled=&#8221;off&#8221; button_bg_color__hover_enabled=&#8221;off&#8221; button_one_bg_color__hover_enabled=&#8221;off&#8221; button_two_bg_color__hover_enabled=&#8221;off&#8221;][\/et_pb_contact_field][\/et_pb_contact_form][\/et_pb_column][\/et_pb_row][\/et_pb_section][et_pb_section fb_built=&#8221;1&#8243; fullwidth=&#8221;on&#8221; _builder_version=&#8221;4.16&#8243; _module_preset=&#8221;default&#8221; global_colors_info=&#8221;{}&#8221;][et_pb_fullwidth_image src=&#8221;https:\/\/karinavoigt.dk\/wp-content\/uploads\/2020\/08\/IMG_0542_modified2-scaled.jpg&#8221; alt=&#8221;Camino Frances&#8221; title_text=&#8221;IMG_0542_modified2&#8243; _builder_version=&#8221;4.16&#8243; _module_preset=&#8221;default&#8221; global_colors_info=&#8221;{}&#8221;][\/et_pb_fullwidth_image][\/et_pb_section]<\/p>\n","protected":false},"excerpt":{"rendered":"<p>Om mig Jeg er f\u00f8dt i 1973 arbejder til daglig i K\u00f8benhavn i en st\u00f8rre international virksomhed, samt som psykoterapeut, coach og konsulent. I mit arbejde bruger jeg min baggrund fra en lang karriere som mellemleder og projektleder hos bl.a. M\u00e6rsk, hvor jeg blandt andet har arbejdet med onboarding og tr\u00e6ning af teams internationalt. For [&hellip;]<\/p>\n","protected":false},"author":1,"featured_media":0,"parent":0,"menu_order":0,"comment_status":"closed","ping_status":"closed","template":"","meta":{"_et_pb_use_builder":"on","_et_pb_old_content":"","_et_gb_content_width":"","footnotes":""},"class_list":["post-142","page","type-page","status-publish","hentry"],"yoast_head":"<!-- This site is optimized with the Yoast SEO plugin v27.5 - https:\/\/yoast.com\/product\/yoast-seo-wordpress\/ -->\n<title>Om\/Kontakt &#8211; ID Psykoterapeut &#8211; Karina Voigt<\/title>\n<meta name=\"description\" content=\"Terapeut med erfaring i personlige og arbejdsrelaterede relationer, stress og indre uro. Lyngby og \u00d8sterbro.\" \/>\n<meta name=\"robots\" content=\"index, follow, max-snippet:-1, max-image-preview:large, max-video-preview:-1\" \/>\n<link rel=\"canonical\" href=\"https:\/\/karinavoigt.dk\/?page_id=142\" \/>\n<meta property=\"og:locale\" content=\"da_DK\" \/>\n<meta property=\"og:type\" content=\"article\" \/>\n<meta property=\"og:title\" content=\"Om\/Kontakt &#8211; ID Psykoterapeut &#8211; Karina Voigt\" \/>\n<meta property=\"og:description\" content=\"Terapeut med erfaring i personlige og arbejdsrelaterede relationer, stress og indre uro. Lyngby og \u00d8sterbro.\" \/>\n<meta property=\"og:url\" content=\"https:\/\/karinavoigt.dk\/?page_id=142\" \/>\n<meta property=\"og:site_name\" content=\"ID Psykoterapeut MPF Karina Voigt | \u00d8sterbro &amp; Lyngby\" \/>\n<meta property=\"article:publisher\" content=\"https:\/\/www.facebook.com\/Karina-Voigt-Psykoterapeut-2328987730698153\" \/>\n<meta property=\"article:modified_time\" content=\"2023-07-13T09:57:21+00:00\" \/>\n<meta name=\"twitter:card\" content=\"summary_large_image\" \/>\n<meta name=\"twitter:label1\" content=\"Estimeret l\u00e6setid\" \/>\n\t<meta name=\"twitter:data1\" content=\"6 minutter\" \/>\n<script type=\"application\/ld+json\" class=\"yoast-schema-graph\">{\"@context\":\"https:\\\/\\\/schema.org\",\"@graph\":[{\"@type\":\"WebPage\",\"@id\":\"https:\\\/\\\/karinavoigt.dk\\\/?page_id=142\",\"url\":\"https:\\\/\\\/karinavoigt.dk\\\/?page_id=142\",\"name\":\"Om\\\/Kontakt &#8211; ID Psykoterapeut &#8211; Karina Voigt\",\"isPartOf\":{\"@id\":\"https:\\\/\\\/karinavoigt.dk\\\/#website\"},\"datePublished\":\"2020-08-03T19:42:57+00:00\",\"dateModified\":\"2023-07-13T09:57:21+00:00\",\"description\":\"Terapeut med erfaring i personlige og arbejdsrelaterede relationer, stress og indre uro. Lyngby og \u00d8sterbro.\",\"breadcrumb\":{\"@id\":\"https:\\\/\\\/karinavoigt.dk\\\/?page_id=142#breadcrumb\"},\"inLanguage\":\"da-DK\",\"potentialAction\":[{\"@type\":\"ReadAction\",\"target\":[\"https:\\\/\\\/karinavoigt.dk\\\/?page_id=142\"]}]},{\"@type\":\"BreadcrumbList\",\"@id\":\"https:\\\/\\\/karinavoigt.dk\\\/?page_id=142#breadcrumb\",\"itemListElement\":[{\"@type\":\"ListItem\",\"position\":1,\"name\":\"Hjem\",\"item\":\"https:\\\/\\\/karinavoigt.dk\\\/\"},{\"@type\":\"ListItem\",\"position\":2,\"name\":\"Om\\\/Kontakt\"}]},{\"@type\":\"WebSite\",\"@id\":\"https:\\\/\\\/karinavoigt.dk\\\/#website\",\"url\":\"https:\\\/\\\/karinavoigt.dk\\\/\",\"name\":\"ID Psykoterapeut MPF Karina Voigt | \u00d8sterbro &amp; Lyngby\",\"description\":\"ID Psykoterapeut MPF Karina Voigt | \u00d8sterbro &amp; Lyngby\",\"publisher\":{\"@id\":\"https:\\\/\\\/karinavoigt.dk\\\/#\\\/schema\\\/person\\\/df02473234730dfa3af9f7363512c433\"},\"potentialAction\":[{\"@type\":\"SearchAction\",\"target\":{\"@type\":\"EntryPoint\",\"urlTemplate\":\"https:\\\/\\\/karinavoigt.dk\\\/?s={search_term_string}\"},\"query-input\":{\"@type\":\"PropertyValueSpecification\",\"valueRequired\":true,\"valueName\":\"search_term_string\"}}],\"inLanguage\":\"da-DK\"},{\"@type\":[\"Person\",\"Organization\"],\"@id\":\"https:\\\/\\\/karinavoigt.dk\\\/#\\\/schema\\\/person\\\/df02473234730dfa3af9f7363512c433\",\"name\":\"Karina Voigt\",\"image\":{\"@type\":\"ImageObject\",\"inLanguage\":\"da-DK\",\"@id\":\"http:\\\/\\\/karinavoigt.dk\\\/wp-content\\\/uploads\\\/2020\\\/08\\\/Profil_farver-1.jpg\",\"url\":\"http:\\\/\\\/karinavoigt.dk\\\/wp-content\\\/uploads\\\/2020\\\/08\\\/Profil_farver-1.jpg\",\"contentUrl\":\"http:\\\/\\\/karinavoigt.dk\\\/wp-content\\\/uploads\\\/2020\\\/08\\\/Profil_farver-1.jpg\",\"width\":1500,\"height\":1500,\"caption\":\"Karina Voigt\"},\"logo\":{\"@id\":\"http:\\\/\\\/karinavoigt.dk\\\/wp-content\\\/uploads\\\/2020\\\/08\\\/Profil_farver-1.jpg\"},\"sameAs\":[\"http:\\\/\\\/karinavoigt.dk\",\"https:\\\/\\\/www.facebook.com\\\/Karina-Voigt-Psykoterapeut-2328987730698153\",\"www.linkedin.com\\\/in\\\/karinavoigt\"]}]}<\/script>\n<!-- \/ Yoast SEO plugin. -->","yoast_head_json":{"title":"Om\/Kontakt &#8211; ID Psykoterapeut &#8211; Karina Voigt","description":"Terapeut med erfaring i personlige og arbejdsrelaterede relationer, stress og indre uro. Lyngby og \u00d8sterbro.","robots":{"index":"index","follow":"follow","max-snippet":"max-snippet:-1","max-image-preview":"max-image-preview:large","max-video-preview":"max-video-preview:-1"},"canonical":"https:\/\/karinavoigt.dk\/?page_id=142","og_locale":"da_DK","og_type":"article","og_title":"Om\/Kontakt &#8211; ID Psykoterapeut &#8211; Karina Voigt","og_description":"Terapeut med erfaring i personlige og arbejdsrelaterede relationer, stress og indre uro. Lyngby og \u00d8sterbro.","og_url":"https:\/\/karinavoigt.dk\/?page_id=142","og_site_name":"ID Psykoterapeut MPF Karina Voigt | \u00d8sterbro &amp; Lyngby","article_publisher":"https:\/\/www.facebook.com\/Karina-Voigt-Psykoterapeut-2328987730698153","article_modified_time":"2023-07-13T09:57:21+00:00","twitter_card":"summary_large_image","twitter_misc":{"Estimeret l\u00e6setid":"6 minutter"},"schema":{"@context":"https:\/\/schema.org","@graph":[{"@type":"WebPage","@id":"https:\/\/karinavoigt.dk\/?page_id=142","url":"https:\/\/karinavoigt.dk\/?page_id=142","name":"Om\/Kontakt &#8211; ID Psykoterapeut &#8211; Karina Voigt","isPartOf":{"@id":"https:\/\/karinavoigt.dk\/#website"},"datePublished":"2020-08-03T19:42:57+00:00","dateModified":"2023-07-13T09:57:21+00:00","description":"Terapeut med erfaring i personlige og arbejdsrelaterede relationer, stress og indre uro. Lyngby og \u00d8sterbro.","breadcrumb":{"@id":"https:\/\/karinavoigt.dk\/?page_id=142#breadcrumb"},"inLanguage":"da-DK","potentialAction":[{"@type":"ReadAction","target":["https:\/\/karinavoigt.dk\/?page_id=142"]}]},{"@type":"BreadcrumbList","@id":"https:\/\/karinavoigt.dk\/?page_id=142#breadcrumb","itemListElement":[{"@type":"ListItem","position":1,"name":"Hjem","item":"https:\/\/karinavoigt.dk\/"},{"@type":"ListItem","position":2,"name":"Om\/Kontakt"}]},{"@type":"WebSite","@id":"https:\/\/karinavoigt.dk\/#website","url":"https:\/\/karinavoigt.dk\/","name":"ID Psykoterapeut MPF Karina Voigt | \u00d8sterbro &amp; Lyngby","description":"ID Psykoterapeut MPF Karina Voigt | \u00d8sterbro &amp; Lyngby","publisher":{"@id":"https:\/\/karinavoigt.dk\/#\/schema\/person\/df02473234730dfa3af9f7363512c433"},"potentialAction":[{"@type":"SearchAction","target":{"@type":"EntryPoint","urlTemplate":"https:\/\/karinavoigt.dk\/?s={search_term_string}"},"query-input":{"@type":"PropertyValueSpecification","valueRequired":true,"valueName":"search_term_string"}}],"inLanguage":"da-DK"},{"@type":["Person","Organization"],"@id":"https:\/\/karinavoigt.dk\/#\/schema\/person\/df02473234730dfa3af9f7363512c433","name":"Karina Voigt","image":{"@type":"ImageObject","inLanguage":"da-DK","@id":"http:\/\/karinavoigt.dk\/wp-content\/uploads\/2020\/08\/Profil_farver-1.jpg","url":"http:\/\/karinavoigt.dk\/wp-content\/uploads\/2020\/08\/Profil_farver-1.jpg","contentUrl":"http:\/\/karinavoigt.dk\/wp-content\/uploads\/2020\/08\/Profil_farver-1.jpg","width":1500,"height":1500,"caption":"Karina Voigt"},"logo":{"@id":"http:\/\/karinavoigt.dk\/wp-content\/uploads\/2020\/08\/Profil_farver-1.jpg"},"sameAs":["http:\/\/karinavoigt.dk","https:\/\/www.facebook.com\/Karina-Voigt-Psykoterapeut-2328987730698153","www.linkedin.com\/in\/karinavoigt"]}]}},"_links":{"self":[{"href":"https:\/\/karinavoigt.dk\/index.php?rest_route=\/wp\/v2\/pages\/142","targetHints":{"allow":["GET"]}}],"collection":[{"href":"https:\/\/karinavoigt.dk\/index.php?rest_route=\/wp\/v2\/pages"}],"about":[{"href":"https:\/\/karinavoigt.dk\/index.php?rest_route=\/wp\/v2\/types\/page"}],"author":[{"embeddable":true,"href":"https:\/\/karinavoigt.dk\/index.php?rest_route=\/wp\/v2\/users\/1"}],"replies":[{"embeddable":true,"href":"https:\/\/karinavoigt.dk\/index.php?rest_route=%2Fwp%2Fv2%2Fcomments&post=142"}],"version-history":[{"count":161,"href":"https:\/\/karinavoigt.dk\/index.php?rest_route=\/wp\/v2\/pages\/142\/revisions"}],"predecessor-version":[{"id":1310,"href":"https:\/\/karinavoigt.dk\/index.php?rest_route=\/wp\/v2\/pages\/142\/revisions\/1310"}],"wp:attachment":[{"href":"https:\/\/karinavoigt.dk\/index.php?rest_route=%2Fwp%2Fv2%2Fmedia&parent=142"}],"curies":[{"name":"wp","href":"https:\/\/api.w.org\/{rel}","templated":true}]}}