{"id":213,"date":"2020-08-06T10:30:04","date_gmt":"2020-08-06T10:30:04","guid":{"rendered":"http:\/\/karinavoigt.dk\/?page_id=213"},"modified":"2023-07-13T11:43:36","modified_gmt":"2023-07-13T09:43:36","slug":"praktisk","status":"publish","type":"page","link":"https:\/\/karinavoigt.dk\/?page_id=213","title":{"rendered":"Praktisk"},"content":{"rendered":"<p>[et_pb_section fb_built=&#8221;1&#8243; _builder_version=&#8221;4.16&#8243; _module_preset=&#8221;default&#8221; custom_padding=&#8221;||0px|||&#8221; global_colors_info=&#8221;{}&#8221;][et_pb_row column_structure=&#8221;1_2,1_2&#8243; _builder_version=&#8221;4.16&#8243; _module_preset=&#8221;default&#8221; min_height=&#8221;733.2px&#8221; custom_padding=&#8221;||0px|15px||&#8221; global_colors_info=&#8221;{}&#8221;][et_pb_column type=&#8221;1_2&#8243; _builder_version=&#8221;4.16&#8243; _module_preset=&#8221;default&#8221; global_colors_info=&#8221;{}&#8221;][et_pb_text _builder_version=&#8221;4.16&#8243; _module_preset=&#8221;default&#8221; custom_margin=&#8221;||2px|||&#8221; custom_padding=&#8221;||20px|||&#8221; global_colors_info=&#8221;{}&#8221;]<\/p>\n<h2>Praktisk<\/h2>\n<p><strong style=\"font-size: 14px;\"><\/strong><\/p>\n<p><span style=\"font-size: large;\"><strong>Adresse<\/strong><\/span><\/p>\n<p>Fiskedamsgade 25A, 4.tv, 2100 K\u00f8benhavn \u00d8.<\/p>\n<p>Der er parkering i omr\u00e5det mod betaling (bl\u00e5 zone). N\u00e6rmeste station er Nordhavn St, 700 m, og \u00d8sterport St, 900 m.<\/p>\n<p><strong style=\"font-size: 14px;\"><\/strong><\/p>\n<p>[\/et_pb_text][et_pb_text _builder_version=&#8221;4.17.3&#8243; _module_preset=&#8221;default&#8221; width=&#8221;75.7%&#8221; min_height=&#8221;113px&#8221; custom_margin=&#8221;|16px||||&#8221; custom_padding=&#8221;0px||3px|||&#8221; global_colors_info=&#8221;{}&#8221;]<\/p>\n<p><span style=\"font-size: large;\"><strong>Priser<\/strong><\/span><strong><\/strong><\/p>\n<p><strong><\/strong><\/p>\n<table>\n<tbody>\n<tr>\n<td>Individuel session, 60 minutter<\/td>\n<td style=\"text-align: right;\">800<\/td>\n<\/tr>\n<tr>\n<td>Parterapi, 75 minutter<\/td>\n<td style=\"text-align: right;\">1.600<\/td>\n<\/tr>\n<\/tbody>\n<\/table>\n<p>[\/et_pb_text][et_pb_text _builder_version=&#8221;4.19.4&#8243; _module_preset=&#8221;default&#8221; min_height=&#8221;143px&#8221; custom_margin=&#8221;-26px|||||&#8221; global_colors_info=&#8221;{}&#8221; custom_padding=&#8221;||13px|||&#8221;]<\/p>\n<p style=\"font-size: 14px; background-color: #ffffff;\">For pensionister, studerende og ID psykoterapeutstuderende, herunder <span style=\"color: #008000;\"><a href=\"https:\/\/karinavoigt.dk\/?page_id=1162\" target=\"_blank\" rel=\"noopener\" title=\"Opgavevejledning\" style=\"color: #008000;\">Opgavevejledning<\/a><\/span>, er prisen 700 for individuelle sessioner.\u00a0<span style=\"background-color: #ffffff; font-size: 14px;\"><\/span><\/p>\n<p style=\"font-size: 14px; background-color: #ffffff;\"><span style=\"background-color: #ffffff; font-size: 14px;\"><span><\/span>Betaling kan ske via MobilePay til KVO Consult 659285, eller bankoverf\u00f8rsel til konto 3409 12928173.<\/span><\/p>\n<p style=\"font-size: 14px; background-color: #ffffff;\"><span style=\"font-size: 14px;\"><\/span><\/p>\n<p>[\/et_pb_text][et_pb_text _builder_version=&#8221;4.16&#8243; _module_preset=&#8221;default&#8221; min_height=&#8221;139px&#8221; custom_margin=&#8221;-26px|||||&#8221; custom_padding=&#8221;||38px|||&#8221; locked=&#8221;off&#8221; global_colors_info=&#8221;{}&#8221;]<\/p>\n<p style=\"font-size: 14px; background-color: #ffffff;\"><strong style=\"font-size: large;\">Afbud<\/strong><\/p>\n<p style=\"font-size: 14px; background-color: #ffffff; text-align: left;\">Afbud uden beregning skal ske senest 24 timer f\u00f8r den aftalte tid, herefter faktureres 50%.<\/p>\n<p style=\"font-size: 14px; background-color: #ffffff; text-align: left;\">Afbud kan gives telefonisk eller via sms p\u00e5 61 55 50 33, eller via mail p\u00e5 <a href=\"mailto:karina.voigt@kvoconsult.dk\">karina.voigt@kvoconsult.dk<\/a>.\u00a0<\/p>\n<p style=\"font-size: 14px; background-color: #ffffff;\"><span style=\"font-size: 14px;\"><\/span><\/p>\n<p>[\/et_pb_text][\/et_pb_column][et_pb_column type=&#8221;1_2&#8243; _builder_version=&#8221;4.16&#8243; _module_preset=&#8221;default&#8221; global_colors_info=&#8221;{}&#8221;][et_pb_gallery gallery_ids=&#8221;1294&#8243; fullwidth=&#8221;on&#8221; _builder_version=&#8221;4.21.0&#8243; _module_preset=&#8221;default&#8221; auto=&#8221;on&#8221; border_radii=&#8221;on|4px|4px|4px|4px&#8221; border_color_all=&#8221;#474747&#8243; box_shadow_style=&#8221;preset6&#8243; box_shadow_blur=&#8221;6px&#8221; global_colors_info=&#8221;{}&#8221;][\/et_pb_gallery][et_pb_map address=&#8221;Fiskedamsgade 25A, 2100 K\u00f8benhavn, Denmark&#8221; zoom_level=&#8221;16&#8243; address_lat=&#8221;55.700302578375&#8243; address_lng=&#8221;12.586808953967&#8243; _builder_version=&#8221;4.18.1&#8243; _module_preset=&#8221;default&#8221; min_height=&#8221;262px&#8221; height=&#8221;296px&#8221; custom_margin=&#8221;-16px||0px||false|false&#8221; custom_padding=&#8221;||4px|||&#8221; border_radii=&#8221;on|4px|4px|4px|4px&#8221; border_width_all=&#8221;1px&#8221; border_color_all=&#8221;#384c34&#8243; global_colors_info=&#8221;{}&#8221;][et_pb_map_pin pin_address=&#8221;Carlsh\u00f8jvej 51, 2800 Kongens Lyngby, Denmark&#8221; zoom_level=&#8221;9&#8243; pin_address_lat=&#8221;55.7785346&#8243; pin_address_lng=&#8221;12.5157657&#8243; _builder_version=&#8221;4.5.6&#8243; _module_preset=&#8221;default&#8221; global_colors_info=&#8221;{}&#8221;][\/et_pb_map_pin][\/et_pb_map][\/et_pb_column][\/et_pb_row][\/et_pb_section][et_pb_section fb_built=&#8221;1&#8243; fullwidth=&#8221;on&#8221; _builder_version=&#8221;4.16&#8243; _module_preset=&#8221;default&#8221; global_colors_info=&#8221;{}&#8221;][et_pb_fullwidth_image src=&#8221;https:\/\/karinavoigt.dk\/wp-content\/uploads\/2020\/08\/IMG_0542_modified2-scaled.jpg&#8221; alt=&#8221;Camino Frances&#8221; title_text=&#8221;IMG_0542_modified2&#8243; _builder_version=&#8221;4.16&#8243; _module_preset=&#8221;default&#8221; global_colors_info=&#8221;{}&#8221;][\/et_pb_fullwidth_image][\/et_pb_section]<\/p>\n","protected":false},"excerpt":{"rendered":"<p>Praktisk Adresse Fiskedamsgade 25A, 4.tv, 2100 K\u00f8benhavn \u00d8. Der er parkering i omr\u00e5det mod betaling (bl\u00e5 zone). N\u00e6rmeste station er Nordhavn St, 700 m, og \u00d8sterport St, 900 m. Priser Individuel session, 60 minutter 800 Parterapi, 75 minutter 1.600 For pensionister, studerende og ID psykoterapeutstuderende, herunder Opgavevejledning, er prisen 700 for individuelle sessioner.\u00a0 Betaling kan [&hellip;]<\/p>\n","protected":false},"author":1,"featured_media":0,"parent":0,"menu_order":0,"comment_status":"closed","ping_status":"closed","template":"","meta":{"_et_pb_use_builder":"on","_et_pb_old_content":"","_et_gb_content_width":"","footnotes":""},"class_list":["post-213","page","type-page","status-publish","hentry"],"yoast_head":"<!-- This site is optimized with the Yoast SEO plugin v27.5 - https:\/\/yoast.com\/product\/yoast-seo-wordpress\/ -->\n<title>Praktisk &#8211;<\/title>\n<meta name=\"robots\" content=\"index, follow, max-snippet:-1, max-image-preview:large, max-video-preview:-1\" \/>\n<link rel=\"canonical\" href=\"https:\/\/karinavoigt.dk\/?page_id=213\" \/>\n<meta property=\"og:locale\" content=\"da_DK\" \/>\n<meta property=\"og:type\" content=\"article\" \/>\n<meta property=\"og:title\" content=\"Praktisk &#8211;\" \/>\n<meta property=\"og:description\" content=\"Praktisk Adresse Fiskedamsgade 25A, 4.tv, 2100 K\u00f8benhavn \u00d8. Der er parkering i omr\u00e5det mod betaling (bl\u00e5 zone). N\u00e6rmeste station er Nordhavn St, 700 m, og \u00d8sterport St, 900 m. Priser Individuel session, 60 minutter 800 Parterapi, 75 minutter 1.600 For pensionister, studerende og ID psykoterapeutstuderende, herunder Opgavevejledning, er prisen 700 for individuelle sessioner.\u00a0 Betaling kan [&hellip;]\" \/>\n<meta property=\"og:url\" content=\"https:\/\/karinavoigt.dk\/?page_id=213\" \/>\n<meta property=\"og:site_name\" content=\"ID Psykoterapeut MPF Karina Voigt | \u00d8sterbro &amp; Lyngby\" \/>\n<meta property=\"article:publisher\" content=\"https:\/\/www.facebook.com\/Karina-Voigt-Psykoterapeut-2328987730698153\" \/>\n<meta property=\"article:modified_time\" content=\"2023-07-13T09:43:36+00:00\" \/>\n<meta name=\"twitter:card\" content=\"summary_large_image\" \/>\n<meta name=\"twitter:label1\" content=\"Estimeret l\u00e6setid\" \/>\n\t<meta name=\"twitter:data1\" content=\"2 minutter\" \/>\n<script type=\"application\/ld+json\" class=\"yoast-schema-graph\">{\"@context\":\"https:\\\/\\\/schema.org\",\"@graph\":[{\"@type\":\"WebPage\",\"@id\":\"https:\\\/\\\/karinavoigt.dk\\\/?page_id=213\",\"url\":\"https:\\\/\\\/karinavoigt.dk\\\/?page_id=213\",\"name\":\"Praktisk &#8211;\",\"isPartOf\":{\"@id\":\"https:\\\/\\\/karinavoigt.dk\\\/#website\"},\"datePublished\":\"2020-08-06T10:30:04+00:00\",\"dateModified\":\"2023-07-13T09:43:36+00:00\",\"breadcrumb\":{\"@id\":\"https:\\\/\\\/karinavoigt.dk\\\/?page_id=213#breadcrumb\"},\"inLanguage\":\"da-DK\",\"potentialAction\":[{\"@type\":\"ReadAction\",\"target\":[\"https:\\\/\\\/karinavoigt.dk\\\/?page_id=213\"]}]},{\"@type\":\"BreadcrumbList\",\"@id\":\"https:\\\/\\\/karinavoigt.dk\\\/?page_id=213#breadcrumb\",\"itemListElement\":[{\"@type\":\"ListItem\",\"position\":1,\"name\":\"Hjem\",\"item\":\"https:\\\/\\\/karinavoigt.dk\\\/\"},{\"@type\":\"ListItem\",\"position\":2,\"name\":\"Praktisk\"}]},{\"@type\":\"WebSite\",\"@id\":\"https:\\\/\\\/karinavoigt.dk\\\/#website\",\"url\":\"https:\\\/\\\/karinavoigt.dk\\\/\",\"name\":\"ID Psykoterapeut MPF Karina Voigt | \u00d8sterbro &amp; Lyngby\",\"description\":\"ID Psykoterapeut MPF Karina Voigt | \u00d8sterbro &amp; Lyngby\",\"publisher\":{\"@id\":\"https:\\\/\\\/karinavoigt.dk\\\/#\\\/schema\\\/person\\\/df02473234730dfa3af9f7363512c433\"},\"potentialAction\":[{\"@type\":\"SearchAction\",\"target\":{\"@type\":\"EntryPoint\",\"urlTemplate\":\"https:\\\/\\\/karinavoigt.dk\\\/?s={search_term_string}\"},\"query-input\":{\"@type\":\"PropertyValueSpecification\",\"valueRequired\":true,\"valueName\":\"search_term_string\"}}],\"inLanguage\":\"da-DK\"},{\"@type\":[\"Person\",\"Organization\"],\"@id\":\"https:\\\/\\\/karinavoigt.dk\\\/#\\\/schema\\\/person\\\/df02473234730dfa3af9f7363512c433\",\"name\":\"Karina Voigt\",\"image\":{\"@type\":\"ImageObject\",\"inLanguage\":\"da-DK\",\"@id\":\"http:\\\/\\\/karinavoigt.dk\\\/wp-content\\\/uploads\\\/2020\\\/08\\\/Profil_farver-1.jpg\",\"url\":\"http:\\\/\\\/karinavoigt.dk\\\/wp-content\\\/uploads\\\/2020\\\/08\\\/Profil_farver-1.jpg\",\"contentUrl\":\"http:\\\/\\\/karinavoigt.dk\\\/wp-content\\\/uploads\\\/2020\\\/08\\\/Profil_farver-1.jpg\",\"width\":1500,\"height\":1500,\"caption\":\"Karina Voigt\"},\"logo\":{\"@id\":\"http:\\\/\\\/karinavoigt.dk\\\/wp-content\\\/uploads\\\/2020\\\/08\\\/Profil_farver-1.jpg\"},\"sameAs\":[\"http:\\\/\\\/karinavoigt.dk\",\"https:\\\/\\\/www.facebook.com\\\/Karina-Voigt-Psykoterapeut-2328987730698153\",\"www.linkedin.com\\\/in\\\/karinavoigt\"]}]}<\/script>\n<!-- \/ Yoast SEO plugin. -->","yoast_head_json":{"title":"Praktisk &#8211;","robots":{"index":"index","follow":"follow","max-snippet":"max-snippet:-1","max-image-preview":"max-image-preview:large","max-video-preview":"max-video-preview:-1"},"canonical":"https:\/\/karinavoigt.dk\/?page_id=213","og_locale":"da_DK","og_type":"article","og_title":"Praktisk &#8211;","og_description":"Praktisk Adresse Fiskedamsgade 25A, 4.tv, 2100 K\u00f8benhavn \u00d8. Der er parkering i omr\u00e5det mod betaling (bl\u00e5 zone). N\u00e6rmeste station er Nordhavn St, 700 m, og \u00d8sterport St, 900 m. Priser Individuel session, 60 minutter 800 Parterapi, 75 minutter 1.600 For pensionister, studerende og ID psykoterapeutstuderende, herunder Opgavevejledning, er prisen 700 for individuelle sessioner.\u00a0 Betaling kan [&hellip;]","og_url":"https:\/\/karinavoigt.dk\/?page_id=213","og_site_name":"ID Psykoterapeut MPF Karina Voigt | \u00d8sterbro &amp; Lyngby","article_publisher":"https:\/\/www.facebook.com\/Karina-Voigt-Psykoterapeut-2328987730698153","article_modified_time":"2023-07-13T09:43:36+00:00","twitter_card":"summary_large_image","twitter_misc":{"Estimeret l\u00e6setid":"2 minutter"},"schema":{"@context":"https:\/\/schema.org","@graph":[{"@type":"WebPage","@id":"https:\/\/karinavoigt.dk\/?page_id=213","url":"https:\/\/karinavoigt.dk\/?page_id=213","name":"Praktisk &#8211;","isPartOf":{"@id":"https:\/\/karinavoigt.dk\/#website"},"datePublished":"2020-08-06T10:30:04+00:00","dateModified":"2023-07-13T09:43:36+00:00","breadcrumb":{"@id":"https:\/\/karinavoigt.dk\/?page_id=213#breadcrumb"},"inLanguage":"da-DK","potentialAction":[{"@type":"ReadAction","target":["https:\/\/karinavoigt.dk\/?page_id=213"]}]},{"@type":"BreadcrumbList","@id":"https:\/\/karinavoigt.dk\/?page_id=213#breadcrumb","itemListElement":[{"@type":"ListItem","position":1,"name":"Hjem","item":"https:\/\/karinavoigt.dk\/"},{"@type":"ListItem","position":2,"name":"Praktisk"}]},{"@type":"WebSite","@id":"https:\/\/karinavoigt.dk\/#website","url":"https:\/\/karinavoigt.dk\/","name":"ID Psykoterapeut MPF Karina Voigt | \u00d8sterbro &amp; Lyngby","description":"ID Psykoterapeut MPF Karina Voigt | \u00d8sterbro &amp; Lyngby","publisher":{"@id":"https:\/\/karinavoigt.dk\/#\/schema\/person\/df02473234730dfa3af9f7363512c433"},"potentialAction":[{"@type":"SearchAction","target":{"@type":"EntryPoint","urlTemplate":"https:\/\/karinavoigt.dk\/?s={search_term_string}"},"query-input":{"@type":"PropertyValueSpecification","valueRequired":true,"valueName":"search_term_string"}}],"inLanguage":"da-DK"},{"@type":["Person","Organization"],"@id":"https:\/\/karinavoigt.dk\/#\/schema\/person\/df02473234730dfa3af9f7363512c433","name":"Karina Voigt","image":{"@type":"ImageObject","inLanguage":"da-DK","@id":"http:\/\/karinavoigt.dk\/wp-content\/uploads\/2020\/08\/Profil_farver-1.jpg","url":"http:\/\/karinavoigt.dk\/wp-content\/uploads\/2020\/08\/Profil_farver-1.jpg","contentUrl":"http:\/\/karinavoigt.dk\/wp-content\/uploads\/2020\/08\/Profil_farver-1.jpg","width":1500,"height":1500,"caption":"Karina Voigt"},"logo":{"@id":"http:\/\/karinavoigt.dk\/wp-content\/uploads\/2020\/08\/Profil_farver-1.jpg"},"sameAs":["http:\/\/karinavoigt.dk","https:\/\/www.facebook.com\/Karina-Voigt-Psykoterapeut-2328987730698153","www.linkedin.com\/in\/karinavoigt"]}]}},"_links":{"self":[{"href":"https:\/\/karinavoigt.dk\/index.php?rest_route=\/wp\/v2\/pages\/213","targetHints":{"allow":["GET"]}}],"collection":[{"href":"https:\/\/karinavoigt.dk\/index.php?rest_route=\/wp\/v2\/pages"}],"about":[{"href":"https:\/\/karinavoigt.dk\/index.php?rest_route=\/wp\/v2\/types\/page"}],"author":[{"embeddable":true,"href":"https:\/\/karinavoigt.dk\/index.php?rest_route=\/wp\/v2\/users\/1"}],"replies":[{"embeddable":true,"href":"https:\/\/karinavoigt.dk\/index.php?rest_route=%2Fwp%2Fv2%2Fcomments&post=213"}],"version-history":[{"count":169,"href":"https:\/\/karinavoigt.dk\/index.php?rest_route=\/wp\/v2\/pages\/213\/revisions"}],"predecessor-version":[{"id":1308,"href":"https:\/\/karinavoigt.dk\/index.php?rest_route=\/wp\/v2\/pages\/213\/revisions\/1308"}],"wp:attachment":[{"href":"https:\/\/karinavoigt.dk\/index.php?rest_route=%2Fwp%2Fv2%2Fmedia&parent=213"}],"curies":[{"name":"wp","href":"https:\/\/api.w.org\/{rel}","templated":true}]}}