{"id":484,"date":"2020-08-13T22:17:03","date_gmt":"2020-08-13T20:17:03","guid":{"rendered":"http:\/\/karinavoigt.dk\/?page_id=484"},"modified":"2022-08-17T14:37:10","modified_gmt":"2022-08-17T12:37:10","slug":"psykoterapi-i-lyngby-forsamtale","status":"publish","type":"page","link":"https:\/\/karinavoigt.dk\/?page_id=484","title":{"rendered":"Ydelser"},"content":{"rendered":"<p>[et_pb_section fb_built=&#8221;1&#8243; _builder_version=&#8221;4.16&#8243; _module_preset=&#8221;default&#8221; custom_padding=&#8221;||16px|||&#8221; global_colors_info=&#8221;{}&#8221;][et_pb_row column_structure=&#8221;1_2,1_2&#8243; _builder_version=&#8221;4.16&#8243; _module_preset=&#8221;default&#8221; custom_padding=&#8221;||4px|||&#8221; global_colors_info=&#8221;{}&#8221;][et_pb_column type=&#8221;1_2&#8243; _builder_version=&#8221;4.16&#8243; _module_preset=&#8221;default&#8221; global_colors_info=&#8221;{}&#8221;][et_pb_text _builder_version=&#8221;4.16&#8243; _module_preset=&#8221;default&#8221; custom_padding=&#8221;3px||||false|false&#8221; global_colors_info=&#8221;{}&#8221;]<\/p>\n<h2>Ydelser<\/h2>\n<p style=\"text-align: left;\">Det kan v\u00e6re gr\u00e6nseoverskridende at kontakte en terapeut for f\u00f8rste gang. Hvordan foreg\u00e5r det, hvor ofte skal jeg komme &#8211; og har jeg overhovedet lyst til at dele mine problemer med en fremmed?<\/p>\n<p style=\"text-align: left;\">For at opn\u00e5 et succesfuldt forl\u00f8b er det, udover terapeutens kompetencer, yderst vigtigt at du fornemmer en god kemi og personlig trov\u00e6rdighed. Derfor er form\u00e5let med den f\u00f8rste session ogs\u00e5, at du f\u00e5r et indtryk af mig som terapeut, mens vi skaber et indledende overblik med fokus p\u00e5 din situation og \u00f8nsker til terapien.<\/p>\n<p style=\"text-align: left;\">Herefter aftaler vi et eventuelt videre forl\u00f8b med udgangspunkt i dine m\u00e5l og forventninger.<\/p>\n<p style=\"text-align: left;\">Selve forl\u00f8bet vil altid tage udgangspunkt i dig og de problemstillinger du kommer med. I hver session tager vi udgangspunkt i hvordan du har det, og hvad du har brug for vi taler om \u2013 det er dog mit ansvar at holde fast i hvad du kom med oprindeligt af problemstillinger.\u00a0<\/p>\n<p style=\"text-align: left;\"><span style=\"font-size: 14px;\">Hvor mange sessioner du har brug for er meget individuelt, og kommer an p\u00e5 dine \u00f8nsker og problemstillinger.<\/span><\/p>\n<p style=\"text-align: left;\">Udover terapi tilbyder jeg ogs\u00e5 coaching, og karriere- og outplacement r\u00e5dgivning, m\u00e5lrettet dig som s\u00f8ger et nyt job. Eller som mangler retning og gl\u00e6de i dit nuv\u00e6rende job og karriere.<span style=\"font-size: 14px;\"><\/span><\/p>\n<p style=\"text-align: left;\"><span style=\"font-size: 14px;\">Som terapeut og coach er jeg underlagt tavshedspligt og er l\u00f8bende i supervision. For yderligere information om mig, kan du l\u00e6se mere <\/span><span style=\"font-size: 14px; color: #008000;\"><a href=\"https:\/\/karinavoigt.dk\/?page_id=142\" title=\"Om\/kontakt\" style=\"color: #008000;\">her<\/a><\/span><span style=\"font-size: 14px;\">.<\/span><\/p>\n<p>[\/et_pb_text][\/et_pb_column][et_pb_column type=&#8221;1_2&#8243; _builder_version=&#8221;4.16&#8243; _module_preset=&#8221;default&#8221; global_colors_info=&#8221;{}&#8221;][et_pb_text _builder_version=&#8221;4.16&#8243; _module_preset=&#8221;default&#8221; background_color=&#8221;rgba(0,0,0,0)&#8221; custom_padding=&#8221;0px|0px|0px|0px|false|false&#8221; border_radii=&#8221;off|4px|4px|4px|4px&#8221; border_color_all=&#8221;#384c34&#8243; locked=&#8221;off&#8221; global_colors_info=&#8221;{}&#8221;]<\/p>\n<h2><strong style=\"color: #666666; font-size: large;\">Psykoterapi<\/strong><\/h2>\n<p>Et psykoterapeutisk forl\u00f8b vil s\u00f8ge at finde den dybere rod til de problemstillinger du kommer med. Det er ofte et l\u00e6ngerevarende forl\u00f8b, men kan ogs\u00e5 v\u00e6re et kort forl\u00f8b i forbindelse med en akut problemstilling.<\/p>\n<p>Forl\u00f8bet vil typisk v\u00e6re mere intenst i begyndelsen, hvorefter vi aftaler det videre forl\u00f8b.<\/p>\n<p>Udover at vi arbejder med dine tanker, f\u00f8lelser og handlinger, s\u00e5 du kan bryde dine m\u00f8nstre og forst\u00e5 din egen motivation, kan terapien ogs\u00e5 handle om accept, s\u00e5 du kan forlige dig med det der er.<\/p>\n<p>[\/et_pb_text][et_pb_divider _builder_version=&#8221;4.16&#8243; _module_preset=&#8221;default&#8221; custom_margin=&#8221;||6px|||&#8221; global_colors_info=&#8221;{}&#8221;][\/et_pb_divider][et_pb_text _builder_version=&#8221;4.16&#8243; _module_preset=&#8221;default&#8221; custom_margin=&#8221;4px||||false|false&#8221; custom_padding=&#8221;3px|||||&#8221; border_color_all=&#8221;#384c34&#8243; locked=&#8221;off&#8221; global_colors_info=&#8221;{}&#8221;]<\/p>\n<h2><strong style=\"color: #666666; font-size: large;\">Coaching &amp; Outplacement<\/strong><\/h2>\n<p>Et coaching forl\u00f8b er typisk et kortere forl\u00f8b med et fremadrettet fokus for at opn\u00e5 specifikke m\u00e5l, eller afklaring af dine m\u00e5l og \u00f8nsker. Her arbejder vi intenst med en ny retning i dit liv, eller hvorfor du bliver ved med at g\u00e5 i st\u00e5 med de planer du har lagt.<\/p>\n<p>Outplacement er coaching for dig, som \u00f8nsker specifik hj\u00e6lp til at s\u00f8ge et nyt job. Det best\u00e5r af en afklaring af hvad der motiverer dig og af dine kompetencer, samt eventuel hj\u00e6lp til opdatering af dit CV, afd\u00e6kning og brug af dit netv\u00e6rk, samt ans\u00f8gninger og interviewtr\u00e6ning.<\/p>\n<p>Form\u00e5let er at tydeligg\u00f8re hvad du skal g\u00f8re, eller hvad der skal til, s\u00e5 du kan komme videre i dit liv med det du \u00f8nsker at opn\u00e5.<\/p>\n<p>[\/et_pb_text][\/et_pb_column][\/et_pb_row][\/et_pb_section][et_pb_section fb_built=&#8221;1&#8243; fullwidth=&#8221;on&#8221; _builder_version=&#8221;4.16&#8243; _module_preset=&#8221;default&#8221; global_colors_info=&#8221;{}&#8221;][et_pb_fullwidth_image src=&#8221;https:\/\/karinavoigt.dk\/wp-content\/uploads\/2020\/08\/IMG_0542_modified2-scaled.jpg&#8221; alt=&#8221;Camino Frances&#8221; title_text=&#8221;IMG_0542_modified2&#8243; _builder_version=&#8221;4.16&#8243; _module_preset=&#8221;default&#8221; global_colors_info=&#8221;{}&#8221;][\/et_pb_fullwidth_image][\/et_pb_section][et_pb_section fb_built=&#8221;1&#8243; fullwidth=&#8221;on&#8221; _builder_version=&#8221;4.16&#8243; _module_preset=&#8221;default&#8221; global_colors_info=&#8221;{}&#8221;][\/et_pb_section]<\/p>\n","protected":false},"excerpt":{"rendered":"<p>Ydelser Det kan v\u00e6re gr\u00e6nseoverskridende at kontakte en terapeut for f\u00f8rste gang. Hvordan foreg\u00e5r det, hvor ofte skal jeg komme &#8211; og har jeg overhovedet lyst til at dele mine problemer med en fremmed? For at opn\u00e5 et succesfuldt forl\u00f8b er det, udover terapeutens kompetencer, yderst vigtigt at du fornemmer en god kemi og personlig [&hellip;]<\/p>\n","protected":false},"author":1,"featured_media":0,"parent":0,"menu_order":0,"comment_status":"closed","ping_status":"closed","template":"","meta":{"_et_pb_use_builder":"on","_et_pb_old_content":"","_et_gb_content_width":"","footnotes":""},"class_list":["post-484","page","type-page","status-publish","hentry"],"yoast_head":"<!-- This site is optimized with the Yoast SEO plugin v27.6 - https:\/\/yoast.com\/product\/yoast-seo-wordpress\/ -->\n<title>Ydelser Psykoterapeut Lyngby. Derfor tilbyder jeg altid en gratis forsamtale.<\/title>\n<meta name=\"description\" content=\"Psykoterapeut Lyngby. For et succesfuldt forl\u00f8b er det yderst vigtigt at du fornemmer en god kemi. Derfor tilbyder jeg altid en gratis forsamtale.\" \/>\n<meta name=\"robots\" content=\"index, follow, max-snippet:-1, max-image-preview:large, max-video-preview:-1\" \/>\n<link rel=\"canonical\" href=\"https:\/\/karinavoigt.dk\/?page_id=484\" \/>\n<meta property=\"og:locale\" content=\"da_DK\" \/>\n<meta property=\"og:type\" content=\"article\" \/>\n<meta property=\"og:title\" content=\"Ydelser Psykoterapeut Lyngby. Derfor tilbyder jeg altid en gratis forsamtale.\" \/>\n<meta property=\"og:description\" content=\"Psykoterapeut Lyngby. For et succesfuldt forl\u00f8b er det yderst vigtigt at du fornemmer en god kemi. Derfor tilbyder jeg altid en gratis forsamtale.\" \/>\n<meta property=\"og:url\" content=\"https:\/\/karinavoigt.dk\/?page_id=484\" \/>\n<meta property=\"og:site_name\" content=\"ID Psykoterapeut MPF Karina Voigt | \u00d8sterbro &amp; Lyngby\" \/>\n<meta property=\"article:publisher\" content=\"https:\/\/www.facebook.com\/Karina-Voigt-Psykoterapeut-2328987730698153\" \/>\n<meta property=\"article:modified_time\" content=\"2022-08-17T12:37:10+00:00\" \/>\n<meta name=\"twitter:card\" content=\"summary_large_image\" \/>\n<meta name=\"twitter:label1\" content=\"Estimeret l\u00e6setid\" \/>\n\t<meta name=\"twitter:data1\" content=\"4 minutter\" \/>\n<script type=\"application\/ld+json\" class=\"yoast-schema-graph\">{\"@context\":\"https:\\\/\\\/schema.org\",\"@graph\":[{\"@type\":\"WebPage\",\"@id\":\"https:\\\/\\\/karinavoigt.dk\\\/?page_id=484\",\"url\":\"https:\\\/\\\/karinavoigt.dk\\\/?page_id=484\",\"name\":\"Ydelser Psykoterapeut Lyngby. Derfor tilbyder jeg altid en gratis forsamtale.\",\"isPartOf\":{\"@id\":\"https:\\\/\\\/karinavoigt.dk\\\/#website\"},\"datePublished\":\"2020-08-13T20:17:03+00:00\",\"dateModified\":\"2022-08-17T12:37:10+00:00\",\"description\":\"Psykoterapeut Lyngby. For et succesfuldt forl\u00f8b er det yderst vigtigt at du fornemmer en god kemi. Derfor tilbyder jeg altid en gratis forsamtale.\",\"breadcrumb\":{\"@id\":\"https:\\\/\\\/karinavoigt.dk\\\/?page_id=484#breadcrumb\"},\"inLanguage\":\"da-DK\",\"potentialAction\":[{\"@type\":\"ReadAction\",\"target\":[\"https:\\\/\\\/karinavoigt.dk\\\/?page_id=484\"]}]},{\"@type\":\"BreadcrumbList\",\"@id\":\"https:\\\/\\\/karinavoigt.dk\\\/?page_id=484#breadcrumb\",\"itemListElement\":[{\"@type\":\"ListItem\",\"position\":1,\"name\":\"Hjem\",\"item\":\"https:\\\/\\\/karinavoigt.dk\\\/\"},{\"@type\":\"ListItem\",\"position\":2,\"name\":\"Ydelser\"}]},{\"@type\":\"WebSite\",\"@id\":\"https:\\\/\\\/karinavoigt.dk\\\/#website\",\"url\":\"https:\\\/\\\/karinavoigt.dk\\\/\",\"name\":\"ID Psykoterapeut MPF Karina Voigt | \u00d8sterbro &amp; Lyngby\",\"description\":\"ID Psykoterapeut MPF Karina Voigt | \u00d8sterbro &amp; Lyngby\",\"publisher\":{\"@id\":\"https:\\\/\\\/karinavoigt.dk\\\/#\\\/schema\\\/person\\\/df02473234730dfa3af9f7363512c433\"},\"potentialAction\":[{\"@type\":\"SearchAction\",\"target\":{\"@type\":\"EntryPoint\",\"urlTemplate\":\"https:\\\/\\\/karinavoigt.dk\\\/?s={search_term_string}\"},\"query-input\":{\"@type\":\"PropertyValueSpecification\",\"valueRequired\":true,\"valueName\":\"search_term_string\"}}],\"inLanguage\":\"da-DK\"},{\"@type\":[\"Person\",\"Organization\"],\"@id\":\"https:\\\/\\\/karinavoigt.dk\\\/#\\\/schema\\\/person\\\/df02473234730dfa3af9f7363512c433\",\"name\":\"Karina Voigt\",\"image\":{\"@type\":\"ImageObject\",\"inLanguage\":\"da-DK\",\"@id\":\"http:\\\/\\\/karinavoigt.dk\\\/wp-content\\\/uploads\\\/2020\\\/08\\\/Profil_farver-1.jpg\",\"url\":\"http:\\\/\\\/karinavoigt.dk\\\/wp-content\\\/uploads\\\/2020\\\/08\\\/Profil_farver-1.jpg\",\"contentUrl\":\"http:\\\/\\\/karinavoigt.dk\\\/wp-content\\\/uploads\\\/2020\\\/08\\\/Profil_farver-1.jpg\",\"width\":1500,\"height\":1500,\"caption\":\"Karina Voigt\"},\"logo\":{\"@id\":\"http:\\\/\\\/karinavoigt.dk\\\/wp-content\\\/uploads\\\/2020\\\/08\\\/Profil_farver-1.jpg\"},\"sameAs\":[\"http:\\\/\\\/karinavoigt.dk\",\"https:\\\/\\\/www.facebook.com\\\/Karina-Voigt-Psykoterapeut-2328987730698153\",\"www.linkedin.com\\\/in\\\/karinavoigt\"]}]}<\/script>\n<!-- \/ Yoast SEO plugin. -->","yoast_head_json":{"title":"Ydelser Psykoterapeut Lyngby. Derfor tilbyder jeg altid en gratis forsamtale.","description":"Psykoterapeut Lyngby. For et succesfuldt forl\u00f8b er det yderst vigtigt at du fornemmer en god kemi. Derfor tilbyder jeg altid en gratis forsamtale.","robots":{"index":"index","follow":"follow","max-snippet":"max-snippet:-1","max-image-preview":"max-image-preview:large","max-video-preview":"max-video-preview:-1"},"canonical":"https:\/\/karinavoigt.dk\/?page_id=484","og_locale":"da_DK","og_type":"article","og_title":"Ydelser Psykoterapeut Lyngby. Derfor tilbyder jeg altid en gratis forsamtale.","og_description":"Psykoterapeut Lyngby. For et succesfuldt forl\u00f8b er det yderst vigtigt at du fornemmer en god kemi. Derfor tilbyder jeg altid en gratis forsamtale.","og_url":"https:\/\/karinavoigt.dk\/?page_id=484","og_site_name":"ID Psykoterapeut MPF Karina Voigt | \u00d8sterbro &amp; Lyngby","article_publisher":"https:\/\/www.facebook.com\/Karina-Voigt-Psykoterapeut-2328987730698153","article_modified_time":"2022-08-17T12:37:10+00:00","twitter_card":"summary_large_image","twitter_misc":{"Estimeret l\u00e6setid":"4 minutter"},"schema":{"@context":"https:\/\/schema.org","@graph":[{"@type":"WebPage","@id":"https:\/\/karinavoigt.dk\/?page_id=484","url":"https:\/\/karinavoigt.dk\/?page_id=484","name":"Ydelser Psykoterapeut Lyngby. Derfor tilbyder jeg altid en gratis forsamtale.","isPartOf":{"@id":"https:\/\/karinavoigt.dk\/#website"},"datePublished":"2020-08-13T20:17:03+00:00","dateModified":"2022-08-17T12:37:10+00:00","description":"Psykoterapeut Lyngby. For et succesfuldt forl\u00f8b er det yderst vigtigt at du fornemmer en god kemi. Derfor tilbyder jeg altid en gratis forsamtale.","breadcrumb":{"@id":"https:\/\/karinavoigt.dk\/?page_id=484#breadcrumb"},"inLanguage":"da-DK","potentialAction":[{"@type":"ReadAction","target":["https:\/\/karinavoigt.dk\/?page_id=484"]}]},{"@type":"BreadcrumbList","@id":"https:\/\/karinavoigt.dk\/?page_id=484#breadcrumb","itemListElement":[{"@type":"ListItem","position":1,"name":"Hjem","item":"https:\/\/karinavoigt.dk\/"},{"@type":"ListItem","position":2,"name":"Ydelser"}]},{"@type":"WebSite","@id":"https:\/\/karinavoigt.dk\/#website","url":"https:\/\/karinavoigt.dk\/","name":"ID Psykoterapeut MPF Karina Voigt | \u00d8sterbro &amp; Lyngby","description":"ID Psykoterapeut MPF Karina Voigt | \u00d8sterbro &amp; Lyngby","publisher":{"@id":"https:\/\/karinavoigt.dk\/#\/schema\/person\/df02473234730dfa3af9f7363512c433"},"potentialAction":[{"@type":"SearchAction","target":{"@type":"EntryPoint","urlTemplate":"https:\/\/karinavoigt.dk\/?s={search_term_string}"},"query-input":{"@type":"PropertyValueSpecification","valueRequired":true,"valueName":"search_term_string"}}],"inLanguage":"da-DK"},{"@type":["Person","Organization"],"@id":"https:\/\/karinavoigt.dk\/#\/schema\/person\/df02473234730dfa3af9f7363512c433","name":"Karina Voigt","image":{"@type":"ImageObject","inLanguage":"da-DK","@id":"http:\/\/karinavoigt.dk\/wp-content\/uploads\/2020\/08\/Profil_farver-1.jpg","url":"http:\/\/karinavoigt.dk\/wp-content\/uploads\/2020\/08\/Profil_farver-1.jpg","contentUrl":"http:\/\/karinavoigt.dk\/wp-content\/uploads\/2020\/08\/Profil_farver-1.jpg","width":1500,"height":1500,"caption":"Karina Voigt"},"logo":{"@id":"http:\/\/karinavoigt.dk\/wp-content\/uploads\/2020\/08\/Profil_farver-1.jpg"},"sameAs":["http:\/\/karinavoigt.dk","https:\/\/www.facebook.com\/Karina-Voigt-Psykoterapeut-2328987730698153","www.linkedin.com\/in\/karinavoigt"]}]}},"_links":{"self":[{"href":"https:\/\/karinavoigt.dk\/index.php?rest_route=\/wp\/v2\/pages\/484","targetHints":{"allow":["GET"]}}],"collection":[{"href":"https:\/\/karinavoigt.dk\/index.php?rest_route=\/wp\/v2\/pages"}],"about":[{"href":"https:\/\/karinavoigt.dk\/index.php?rest_route=\/wp\/v2\/types\/page"}],"author":[{"embeddable":true,"href":"https:\/\/karinavoigt.dk\/index.php?rest_route=\/wp\/v2\/users\/1"}],"replies":[{"embeddable":true,"href":"https:\/\/karinavoigt.dk\/index.php?rest_route=%2Fwp%2Fv2%2Fcomments&post=484"}],"version-history":[{"count":106,"href":"https:\/\/karinavoigt.dk\/index.php?rest_route=\/wp\/v2\/pages\/484\/revisions"}],"predecessor-version":[{"id":1238,"href":"https:\/\/karinavoigt.dk\/index.php?rest_route=\/wp\/v2\/pages\/484\/revisions\/1238"}],"wp:attachment":[{"href":"https:\/\/karinavoigt.dk\/index.php?rest_route=%2Fwp%2Fv2%2Fmedia&parent=484"}],"curies":[{"name":"wp","href":"https:\/\/api.w.org\/{rel}","templated":true}]}}